{"id":241844,"date":"2022-08-17T13:39:20","date_gmt":"2022-08-17T13:39:20","guid":{"rendered":"https:\/\/2021.acebodigitalmarketing.com\/?page_id=241844"},"modified":"2022-08-24T07:49:17","modified_gmt":"2022-08-24T07:49:17","slug":"aviso-legal-y-de-privacidad","status":"publish","type":"page","link":"https:\/\/acebo.io\/es\/aviso-legal-y-de-privacidad\/","title":{"rendered":"Aviso Legal y de Privacidad"},"content":{"rendered":"<p>[et_pb_section fb_built=\u00bb1&#8243; _builder_version=\u00bb4.16&#8243; _module_preset=\u00bbdefault\u00bb global_colors_info=\u00bb{}\u00bb][et_pb_row column_structure=\u00bb3_4,1_4&#8243; _builder_version=\u00bb4.16&#8243; _module_preset=\u00bbdefault\u00bb global_colors_info=\u00bb{}\u00bb][et_pb_column type=\u00bb3_4&#8243; _builder_version=\u00bb4.16&#8243; _module_preset=\u00bbdefault\u00bb global_colors_info=\u00bb{}\u00bb][et_pb_post_title meta=\u00bboff\u00bb featured_image=\u00bboff\u00bb _builder_version=\u00bb4.16&#8243; _module_preset=\u00bbdefault\u00bb title_text_color=\u00bb#000000&#8243; global_colors_info=\u00bb{}\u00bb][\/et_pb_post_title][et_pb_text _builder_version=\u00bb4.18.0&#8243; _module_preset=\u00bbdefault\u00bb global_colors_info=\u00bb{}\u00bb]Lea atentamente estos t\u00e9rminos y condiciones antes de acceder a este sitio de Internet. Acebo Ltd. (en lo sucesivo, Acebo) se compromete a proteger la privacidad y los datos personales de todos los visitantes de <a href=\"https:\/\/www.acebo.io\/es\">acebo.io<\/a>.[\/et_pb_text][et_pb_text _builder_version=\u00bb4.16&#8243; _module_preset=\u00bbdefault\u00bb global_colors_info=\u00bb{}\u00bb]Puede acceder a la mayor\u00eda de las \u00e1reas de este sitio web sin proporcionar su informaci\u00f3n personal b\u00e1sica. Al acceder a cualquier parte de este sitio web, se considerar\u00e1 que ha aceptado este aviso legal en su totalidad. Si no acepta este aviso legal en su totalidad, debe abandonar este sitio web.[\/et_pb_text][et_pb_text _builder_version=\u00bb4.16&#8243; _module_preset=\u00bbdefault\u00bb global_colors_info=\u00bb{}\u00bb]Los contenidos de estas p\u00e1ginas (incluidos, entre otros, textos, im\u00e1genes y elementos audiovisuales) son propiedad de Acebo. Todos los derechos reservados. Se proh\u00edbe la reproducci\u00f3n, transferencia, distribuci\u00f3n o almacenamiento de parte o la totalidad de los contenidos de cualquier forma, excepto de conformidad con los siguientes t\u00e9rminos.[\/et_pb_text][et_pb_text _builder_version=\u00bb4.16&#8243; _module_preset=\u00bbdefault\u00bb global_colors_info=\u00bb{}\u00bb]Acebo le otorga la autorizaci\u00f3n para almacenar en su dispositivo o imprimir copias de extractos de estas p\u00e1ginas para su uso personal \u00fanicamente. El contenido de las p\u00e1ginas de Acebo se puede utilizar exclusivamente con fines informativos. Los documentos individuales contenidos en nuestras p\u00e1ginas pueden estar sujetos a t\u00e9rminos adicionales indicados en esos documentos.[\/et_pb_text][et_pb_text _builder_version=\u00bb4.16&#8243; _module_preset=\u00bbdefault\u00bb global_colors_info=\u00bb{}\u00bb]Acebo no asume ninguna responsabilidad por los materiales de propiedad, creados o publicados por terceros a los que las p\u00e1ginas de Acebo contienen un enlace. Al establecer un enlace a dicho sitio de terceros, deber\u00e1 revisar y aceptar las reglas de uso de ese sitio antes de utilizar dicho sitio. Un enlace a un sitio que no sea de Acebo no implica que Acebo respalde el sitio y los productos o servicios a los que se hace referencia en dicho sitio de terceros.[\/et_pb_text][et_pb_text _builder_version=\u00bb4.16&#8243; _module_preset=\u00bbdefault\u00bb header_3_text_color=\u00bb#000000&#8243; custom_margin=\u00bb||0px||false|false\u00bb custom_padding=\u00bb5%||||false|false\u00bb global_colors_info=\u00bb{}\u00bb]<\/p>\n<h3>INFORMACI\u00d3N RECOGIDA<\/h3>\n<p>[\/et_pb_text][et_pb_text _builder_version=\u00bb4.18.0&#8243; _module_preset=\u00bbdefault\u00bb global_colors_info=\u00bb{}\u00bb]Cuando visite, se registre o env\u00ede consultas a acebo.io o subp\u00e1ginas relacionadas con este dominio, la empresa le pedir\u00e1 que brinde informaci\u00f3n de contacto personal b\u00e1sica. Adem\u00e1s, su dispositivo nos env\u00eda autom\u00e1ticamente cierta informaci\u00f3n t\u00e9cnica y de otro tipo (por ejemplo, la direcci\u00f3n IP y el tipo de su navegador).[\/et_pb_text][et_pb_text _builder_version=\u00bb4.16&#8243; _module_preset=\u00bbdefault\u00bb global_colors_info=\u00bb{}\u00bb]Adem\u00e1s, recopilamos informaci\u00f3n b\u00e1sica (por ejemplo, nombres o direcciones de correo electr\u00f3nico) en relaci\u00f3n con el funcionamiento de nuestros sitios web solo cuando se nos ha proporcionado voluntariamente dichos datos (por ejemplo, mediante el registro, consultas de contacto, suscripciones, etc.).[\/et_pb_text][et_pb_text _builder_version=\u00bb4.16&#8243; _module_preset=\u00bbdefault\u00bb header_3_text_color=\u00bb#000000&#8243; custom_margin=\u00bb||0px||false|false\u00bb custom_padding=\u00bb5%||||false|false\u00bb global_colors_info=\u00bb{}\u00bb]<\/p>\n<h3>PROP\u00d3SITO DEL PROCESAMIENTO<\/h3>\n<p>[\/et_pb_text][et_pb_text _builder_version=\u00bb4.16&#8243; _module_preset=\u00bbdefault\u00bb global_colors_info=\u00bb{}\u00bb]El prop\u00f3sito de procesar sus datos personales es[\/et_pb_text][et_pb_text _builder_version=\u00bb4.16&#8243; _module_preset=\u00bbdefault\u00bb custom_padding=\u00bb|||5%|false|false\u00bb global_colors_info=\u00bb{}\u00bb]\u2022 desarrollar los sitios web para una mejor calidad y un alcance m\u00e1s amplio de los servicios<br \/>\n\u2022 garantizar un uso eficiente y seguro de nuestros sitios web<br \/>\n\u2022 proporcionar servicios personalizados y contenido que reconozca sus necesidades e intereses espec\u00edficos<br \/>\n\u2022 proporcionar informaci\u00f3n de marketing a trav\u00e9s de correos electr\u00f3nicos o comunicaci\u00f3n interpersonal<br \/>\n\u2022 responder a sus preguntas<br \/>\n\u2022 realizar investigaciones y recopilar estad\u00edsticas (por ejemplo, qu\u00e9 secciones de nuestros sitios web visitan los usuarios y cu\u00e1nto tiempo pasan en los sitios web).[\/et_pb_text][et_pb_text _builder_version=\u00bb4.16&#8243; _module_preset=\u00bbdefault\u00bb header_3_text_color=\u00bb#000000&#8243; custom_margin=\u00bb||0px||false|false\u00bb custom_padding=\u00bb5%||||false|false\u00bb global_colors_info=\u00bb{}\u00bb]<\/p>\n<h3>ANAL\u00cdTICA DE NUESTRA WEB<\/h3>\n<p>[\/et_pb_text][et_pb_text _builder_version=\u00bb4.16&#8243; _module_preset=\u00bbdefault\u00bb global_colors_info=\u00bb{}\u00bb]Los sitios web de Acebo utilizan servicios como Google Analytics, un servicio de an\u00e1lisis web proporcionado por Google Inc. Los datos recopilados por las cookies sobre su uso de los sitios web (incluida su direcci\u00f3n IP) ser\u00e1n transmitidos y almacenados por Google y otros proveedores de servicios de an\u00e1lisis web, en nombre de Acebo.[\/et_pb_text][et_pb_text _builder_version=\u00bb4.16&#8243; _module_preset=\u00bbdefault\u00bb global_colors_info=\u00bb{}\u00bb]Acebo utiliza el an\u00e1lisis del sitio web con el fin de evaluar el uso, recompilar informes sobre la actividad de nuestros editores y proporcionar otros servicios relacionados con las actividades del sitio web y el uso de Internet.[\/et_pb_text][et_pb_text _builder_version=\u00bb4.16&#8243; _module_preset=\u00bbdefault\u00bb header_3_text_color=\u00bb#000000&#8243; custom_margin=\u00bb||0px||false|false\u00bb custom_padding=\u00bb5%||||false|false\u00bb global_colors_info=\u00bb{}\u00bb]<\/p>\n<h3>AUTOMATIZACI\u00d3N DE MARKETING<\/h3>\n<p>[\/et_pb_text][et_pb_text _builder_version=\u00bb4.18.0&#8243; _module_preset=\u00bbdefault\u00bb global_colors_info=\u00bb{}\u00bb]Los sitios web de Acebo utilizan software de <a href=\"https:\/\/acebo.io\/es\/que-elementos-componen-la-automatizacion-de-marketing\/\">automatizaci\u00f3n de marketing<\/a>, que utiliza cookies de terceros para rastrear el uso del sitio web.[\/et_pb_text][et_pb_text _builder_version=\u00bb4.16&#8243; _module_preset=\u00bbdefault\u00bb global_colors_info=\u00bb{}\u00bb]Cuando un usuario visita nuestros sitios web, la cookie almacena datos de tr\u00e1fico vinculados a la identificaci\u00f3n \u00fanica de la cookie en el navegador. Si el usuario se identifica a s\u00ed mismo voluntariamente, por ejemplo, al completar un formulario de contacto o al hacer clic en los enlaces de un correo electr\u00f3nico enviado por Acebo, la identificaci\u00f3n de usuario \u00fanica de la cookie se vincula a los datos personales ofrecidos voluntariamente por el usuario.[\/et_pb_text][et_pb_text _builder_version=\u00bb4.16&#8243; _module_preset=\u00bbdefault\u00bb global_colors_info=\u00bb{}\u00bb]Esto permite a Acebo proporcionar una experiencia m\u00e1s personalizada en sus sitios web y en las comunicaciones con los clientes y usuarios de los sitios web. Acebo no vende, alquila ni regala datos personales que identifiquen individuos de forma externa. Al utilizar estos sitios web, usted acepta el procesamiento de los datos sobre usted en la forma y para los fines establecidos anteriormente.[\/et_pb_text][et_pb_text _builder_version=\u00bb4.16&#8243; _module_preset=\u00bbdefault\u00bb header_3_text_color=\u00bb#000000&#8243; custom_margin=\u00bb||0px||false|false\u00bb custom_padding=\u00bb5%||||false|false\u00bb global_colors_info=\u00bb{}\u00bb]<\/p>\n<h3>MARKETING DIGITAL<\/h3>\n<p>[\/et_pb_text][et_pb_text _builder_version=\u00bb4.16&#8243; _module_preset=\u00bbdefault\u00bb global_colors_info=\u00bb{}\u00bb]Acebo le enviar\u00e1 un correo electr\u00f3nico de confirmaci\u00f3n despu\u00e9s de completar cualquier formulario en nuestro sitio web (esta acci\u00f3n se realizar\u00e1 autom\u00e1ticamente por nuestro software de automatizaci\u00f3n de marketing). La informaci\u00f3n b\u00e1sica ingresada en cualquiera de los formularios en nuestro sitio web no se almacenar\u00e1 en nuestra base de datos si el usuario no realiza ninguna acci\u00f3n en el correo electr\u00f3nico de aceptaci\u00f3n.[\/et_pb_text][et_pb_text _builder_version=\u00bb4.16&#8243; _module_preset=\u00bbdefault\u00bb global_colors_info=\u00bb{}\u00bb]Podemos utilizar su direcci\u00f3n de correo electr\u00f3nico para enviarle informaci\u00f3n con prop\u00f3sitos de marketing. Puede optar por no ser contactado por correo electr\u00f3nico utilizando la funci\u00f3n de cancelaci\u00f3n de suscripci\u00f3n en los correos electr\u00f3nicos enviados por Acebo.[\/et_pb_text][et_pb_text _builder_version=\u00bb4.16&#8243; _module_preset=\u00bbdefault\u00bb global_colors_info=\u00bb{}\u00bb]Acebo utiliza proveedores de servicios de terceros para mostrar publicidades en nombre de Acebo a trav\u00e9s de Internet. Estos proveedores de servicios pueden utilizar cookies para recopilar informaci\u00f3n sobre sus visitas a nuestros sitios web con el fin de mostrar anuncios mientras visita otros sitios web; esta informaci\u00f3n no puede usarse para identificarlo individualmente. Tal informaci\u00f3n es an\u00f3nima; Sin embargo, su direcci\u00f3n IP puede ser recopilada.[\/et_pb_text][et_pb_text _builder_version=\u00bb4.16&#8243; _module_preset=\u00bbdefault\u00bb header_3_text_color=\u00bb#000000&#8243; custom_margin=\u00bb||0px||false|false\u00bb custom_padding=\u00bb5%||||false|false\u00bb global_colors_info=\u00bb{}\u00bb]<\/p>\n<h3>COOKIES<\/h3>\n<p>[\/et_pb_text][et_pb_text _builder_version=\u00bb4.18.0&#8243; _module_preset=\u00bbdefault\u00bb hover_enabled=\u00bb0&#8243; global_colors_info=\u00bb{}\u00bb sticky_enabled=\u00bb0&#8243;]Las cookies se utilizan en el sitio web de Acebo para averiguar, por ejemplo, el n\u00famero de visitantes a las diversas partes del sitio web. No se puede identificar a ning\u00fan individuo a partir de la informaci\u00f3n recopilada y no se intentar\u00e1 averiguar la identidad de quienes visitan el sitio web de Acebo. Puedes ver y actualizar tus preferencias de cookies en cualquier momento haciendo clic en el icono de cookies en la parte inferior izquierda de la pantalla. El uso de cookies tami\u00e9n se puede aceptar o rechazar cambiando la configuraci\u00f3n del navegador. Tenga en cuenta que la mayor\u00eda de los navegadores aceptan cookies autom\u00e1ticamente. M\u00e1s informaci\u00f3n sobre las cookies\u00a0<a href=\"http:\/\/www.allaboutcookies.org\/es\/\">aqu\u00ed<\/a>.[\/et_pb_text][et_pb_text _builder_version=\u00bb4.16&#8243; _module_preset=\u00bbdefault\u00bb header_3_text_color=\u00bb#000000&#8243; custom_margin=\u00bb||0px||false|false\u00bb custom_padding=\u00bb5%||||false|false\u00bb global_colors_info=\u00bb{}\u00bb]<\/p>\n<h3>OTROS SERVICIOS DE TERCEROS<\/h3>\n<p>[\/et_pb_text][et_pb_text _builder_version=\u00bb4.16&#8243; _module_preset=\u00bbdefault\u00bb global_colors_info=\u00bb{}\u00bb]Nuestros sitios web pueden contener enlaces a otros sitios web y botones de \u00abcompartir\u00bb (como LinkedIn o Facebook) que no est\u00e1n operando en nombre de Acebo. Acebo no ha revisado todos estos sitios web de terceros y no controla ni es responsable de estos sitios web ni de su contenido o disponibilidad. Dichos sitios web, proveedores de servicios o aplicaciones pueden colocar sus propias cookies de terceros en los dispositivos de los usuarios, recopilar datos o solicitar informaci\u00f3n personal. Por lo tanto, Acebo no respalda ni hace ninguna representaci\u00f3n acerca de ellos, ni de ning\u00fan material que se encuentre en dichos sitios, ni de los resultados que puedan obtenerse al usarlos. Si decide acceder a cualquiera de los sitios web de terceros vinculados en este sitio web, lo hace bajo su propio riesgo.[\/et_pb_text][et_pb_text _builder_version=\u00bb4.16&#8243; _module_preset=\u00bbdefault\u00bb header_3_text_color=\u00bb#000000&#8243; custom_margin=\u00bb||1px||false|false\u00bb custom_padding=\u00bb5%||||false|false\u00bb global_colors_info=\u00bb{}\u00bb]<\/p>\n<h3>ACTUALIZACI\u00d3N DE LOS T\u00c9RMINOS Y CONDICIONES<\/h3>\n<p>[\/et_pb_text][et_pb_text _builder_version=\u00bb4.16&#8243; _module_preset=\u00bbdefault\u00bb global_colors_info=\u00bb{}\u00bb]Acebo se reserva el derecho de revisar este aviso legal en cualquier momento actualizando esta publicaci\u00f3n. Le recomendamos que revise peri\u00f3dicamente esta declaraci\u00f3n de privacidad y as\u00ed verificar posibles enmiendas. Acebo puede en cualquier momento modificar este aviso legal, y tambi\u00e9n puede denegar el acceso a este sitio web sin una raz\u00f3n, notificaci\u00f3n y\/o responsabilidad.[\/et_pb_text][et_pb_text _builder_version=\u00bb4.16&#8243; _module_preset=\u00bbdefault\u00bb header_3_text_color=\u00bb#000000&#8243; custom_margin=\u00bb||0px||false|false\u00bb custom_padding=\u00bb5%||||false|false\u00bb global_colors_info=\u00bb{}\u00bb]<\/p>\n<h3>C\u00d3MO CONTACTARNOS<\/h3>\n<p>[\/et_pb_text][et_pb_text _builder_version=\u00bb4.18.0&#8243; _module_preset=\u00bbdefault\u00bb global_colors_info=\u00bb{}\u00bb]Todos los comentarios sobre esta declaraci\u00f3n de privacidad son bienvenidos y pueden ser enviados a la direcci\u00f3n de correo electr\u00f3nico <a href=\"mailto:support@acebo.io\">support@acebo.io<\/a>.[\/et_pb_text][\/et_pb_column][et_pb_column type=\u00bb1_4&#8243; _builder_version=\u00bb4.16&#8243; _module_preset=\u00bbdefault\u00bb global_colors_info=\u00bb{}\u00bb][\/et_pb_column][\/et_pb_row][\/et_pb_section]<\/p>\n","protected":false},"excerpt":{"rendered":"<p>Lea atentamente estos t\u00e9rminos y condiciones antes de acceder a este sitio de Internet. Acebo Ltd. (en lo sucesivo, Acebo) se compromete a proteger la privacidad y los datos personales de todos los visitantes de acebo.io.Puede acceder a la mayor\u00eda de las \u00e1reas de este sitio web sin proporcionar su informaci\u00f3n personal b\u00e1sica. Al acceder a cualquier parte de este sitio web, se considerar\u00e1 que ha aceptado este aviso legal en su totalidad. Si no acepta este aviso legal en su totalidad, debe abandonar este sitio web.Los contenidos de estas p\u00e1ginas (incluidos, entre otros, textos, im\u00e1genes y elementos audiovisuales) son propiedad de Acebo. Todos los derechos reservados. Se proh\u00edbe la reproducci\u00f3n, transferencia, distribuci\u00f3n o almacenamiento de parte o la totalidad de los contenidos de cualquier forma, excepto de conformidad con los siguientes t\u00e9rminos.Acebo le otorga la autorizaci\u00f3n para almacenar en su dispositivo o imprimir copias de extractos de estas p\u00e1ginas para su uso personal \u00fanicamente. El contenido de las p\u00e1ginas de Acebo se puede utilizar exclusivamente con fines informativos. Los documentos individuales contenidos en nuestras p\u00e1ginas pueden estar sujetos a t\u00e9rminos adicionales indicados en esos documentos.Acebo no asume ninguna responsabilidad por los materiales de propiedad, creados o publicados por terceros [&hellip;]<\/p>\n","protected":false},"author":1,"featured_media":0,"parent":0,"menu_order":0,"comment_status":"closed","ping_status":"closed","template":"","meta":{"_et_pb_use_builder":"on","_et_pb_old_content":"","_et_gb_content_width":"","footnotes":""},"class_list":["post-241844","page","type-page","status-publish","hentry"],"yoast_head":"<!-- This site is optimized with the Yoast SEO plugin v27.3 - https:\/\/yoast.com\/product\/yoast-seo-wordpress\/ -->\n<title>Aviso Legal y de Privacidad | Acebo - A Digital Growth Agency<\/title>\n<meta name=\"robots\" content=\"index, follow, max-snippet:-1, max-image-preview:large, max-video-preview:-1\" \/>\n<link rel=\"canonical\" href=\"https:\/\/acebo.io\/es\/aviso-legal-y-de-privacidad\/\" \/>\n<meta property=\"og:locale\" content=\"es_ES\" \/>\n<meta property=\"og:type\" content=\"article\" \/>\n<meta property=\"og:title\" content=\"Aviso Legal y de Privacidad | Acebo - A Digital Growth Agency\" \/>\n<meta property=\"og:description\" content=\"Lea atentamente estos t\u00e9rminos y condiciones antes de acceder a este sitio de Internet. Acebo Ltd. (en lo sucesivo, Acebo) se compromete a proteger la privacidad y los datos personales de todos los visitantes de acebo.io.Puede acceder a la mayor\u00eda de las \u00e1reas de este sitio web sin proporcionar su informaci\u00f3n personal b\u00e1sica. Al acceder a cualquier parte de este sitio web, se considerar\u00e1 que ha aceptado este aviso legal en su totalidad. Si no acepta este aviso legal en su totalidad, debe abandonar este sitio web.Los contenidos de estas p\u00e1ginas (incluidos, entre otros, textos, im\u00e1genes y elementos audiovisuales) son propiedad de Acebo. Todos los derechos reservados. Se proh\u00edbe la reproducci\u00f3n, transferencia, distribuci\u00f3n o almacenamiento de parte o la totalidad de los contenidos de cualquier forma, excepto de conformidad con los siguientes t\u00e9rminos.Acebo le otorga la autorizaci\u00f3n para almacenar en su dispositivo o imprimir copias de extractos de estas p\u00e1ginas para su uso personal \u00fanicamente. El contenido de las p\u00e1ginas de Acebo se puede utilizar exclusivamente con fines informativos. Los documentos individuales contenidos en nuestras p\u00e1ginas pueden estar sujetos a t\u00e9rminos adicionales indicados en esos documentos.Acebo no asume ninguna responsabilidad por los materiales de propiedad, creados o publicados por terceros [&hellip;]\" \/>\n<meta property=\"og:url\" content=\"https:\/\/acebo.io\/es\/aviso-legal-y-de-privacidad\/\" \/>\n<meta property=\"og:site_name\" content=\"Acebo - A Digital Growth Agency\" \/>\n<meta property=\"article:modified_time\" content=\"2022-08-24T07:49:17+00:00\" \/>\n<meta name=\"twitter:card\" content=\"summary_large_image\" \/>\n<meta name=\"twitter:label1\" content=\"Tiempo de lectura\" \/>\n\t<meta name=\"twitter:data1\" content=\"10 minutos\" \/>\n<script type=\"application\/ld+json\" class=\"yoast-schema-graph\">{\"@context\":\"https:\\\/\\\/schema.org\",\"@graph\":[{\"@type\":\"WebPage\",\"@id\":\"https:\\\/\\\/acebo.io\\\/es\\\/aviso-legal-y-de-privacidad\\\/\",\"url\":\"https:\\\/\\\/acebo.io\\\/es\\\/aviso-legal-y-de-privacidad\\\/\",\"name\":\"Aviso Legal y de Privacidad | Acebo - A Digital Growth Agency\",\"isPartOf\":{\"@id\":\"https:\\\/\\\/acebo.io\\\/es\\\/#website\"},\"datePublished\":\"2022-08-17T13:39:20+00:00\",\"dateModified\":\"2022-08-24T07:49:17+00:00\",\"breadcrumb\":{\"@id\":\"https:\\\/\\\/acebo.io\\\/es\\\/aviso-legal-y-de-privacidad\\\/#breadcrumb\"},\"inLanguage\":\"es\",\"potentialAction\":[{\"@type\":\"ReadAction\",\"target\":[\"https:\\\/\\\/acebo.io\\\/es\\\/aviso-legal-y-de-privacidad\\\/\"]}]},{\"@type\":\"BreadcrumbList\",\"@id\":\"https:\\\/\\\/acebo.io\\\/es\\\/aviso-legal-y-de-privacidad\\\/#breadcrumb\",\"itemListElement\":[{\"@type\":\"ListItem\",\"position\":1,\"name\":\"Home\",\"item\":\"https:\\\/\\\/acebo.io\\\/es\\\/\"},{\"@type\":\"ListItem\",\"position\":2,\"name\":\"Aviso Legal y de Privacidad\"}]},{\"@type\":\"WebSite\",\"@id\":\"https:\\\/\\\/acebo.io\\\/es\\\/#website\",\"url\":\"https:\\\/\\\/acebo.io\\\/es\\\/\",\"name\":\"Acebo - A Digital Growth Agency\",\"description\":\"Specialized in Strategic B2B Digital Growth &amp; Automation\",\"publisher\":{\"@id\":\"https:\\\/\\\/acebo.io\\\/es\\\/#organization\"},\"potentialAction\":[{\"@type\":\"SearchAction\",\"target\":{\"@type\":\"EntryPoint\",\"urlTemplate\":\"https:\\\/\\\/acebo.io\\\/es\\\/?s={search_term_string}\"},\"query-input\":{\"@type\":\"PropertyValueSpecification\",\"valueRequired\":true,\"valueName\":\"search_term_string\"}}],\"inLanguage\":\"es\"},{\"@type\":\"Organization\",\"@id\":\"https:\\\/\\\/acebo.io\\\/es\\\/#organization\",\"name\":\"Acebo\",\"url\":\"https:\\\/\\\/acebo.io\\\/es\\\/\",\"logo\":{\"@type\":\"ImageObject\",\"inLanguage\":\"es\",\"@id\":\"https:\\\/\\\/acebo.io\\\/es\\\/#\\\/schema\\\/logo\\\/image\\\/\",\"url\":\"https:\\\/\\\/acebo.io\\\/wp-content\\\/uploads\\\/2021\\\/12\\\/Acebo.png\",\"contentUrl\":\"https:\\\/\\\/acebo.io\\\/wp-content\\\/uploads\\\/2021\\\/12\\\/Acebo.png\",\"width\":521,\"height\":521,\"caption\":\"Acebo\"},\"image\":{\"@id\":\"https:\\\/\\\/acebo.io\\\/es\\\/#\\\/schema\\\/logo\\\/image\\\/\"},\"sameAs\":[\"https:\\\/\\\/www.linkedin.com\\\/company\\\/acebo-digital-marketing\"]}]}<\/script>\n<!-- \/ Yoast SEO plugin. -->","yoast_head_json":{"title":"Aviso Legal y de Privacidad | Acebo - A Digital Growth Agency","robots":{"index":"index","follow":"follow","max-snippet":"max-snippet:-1","max-image-preview":"max-image-preview:large","max-video-preview":"max-video-preview:-1"},"canonical":"https:\/\/acebo.io\/es\/aviso-legal-y-de-privacidad\/","og_locale":"es_ES","og_type":"article","og_title":"Aviso Legal y de Privacidad | Acebo - A Digital Growth Agency","og_description":"Lea atentamente estos t\u00e9rminos y condiciones antes de acceder a este sitio de Internet. Acebo Ltd. (en lo sucesivo, Acebo) se compromete a proteger la privacidad y los datos personales de todos los visitantes de acebo.io.Puede acceder a la mayor\u00eda de las \u00e1reas de este sitio web sin proporcionar su informaci\u00f3n personal b\u00e1sica. Al acceder a cualquier parte de este sitio web, se considerar\u00e1 que ha aceptado este aviso legal en su totalidad. Si no acepta este aviso legal en su totalidad, debe abandonar este sitio web.Los contenidos de estas p\u00e1ginas (incluidos, entre otros, textos, im\u00e1genes y elementos audiovisuales) son propiedad de Acebo. Todos los derechos reservados. Se proh\u00edbe la reproducci\u00f3n, transferencia, distribuci\u00f3n o almacenamiento de parte o la totalidad de los contenidos de cualquier forma, excepto de conformidad con los siguientes t\u00e9rminos.Acebo le otorga la autorizaci\u00f3n para almacenar en su dispositivo o imprimir copias de extractos de estas p\u00e1ginas para su uso personal \u00fanicamente. El contenido de las p\u00e1ginas de Acebo se puede utilizar exclusivamente con fines informativos. Los documentos individuales contenidos en nuestras p\u00e1ginas pueden estar sujetos a t\u00e9rminos adicionales indicados en esos documentos.Acebo no asume ninguna responsabilidad por los materiales de propiedad, creados o publicados por terceros [&hellip;]","og_url":"https:\/\/acebo.io\/es\/aviso-legal-y-de-privacidad\/","og_site_name":"Acebo - A Digital Growth Agency","article_modified_time":"2022-08-24T07:49:17+00:00","twitter_card":"summary_large_image","twitter_misc":{"Tiempo de lectura":"10 minutos"},"schema":{"@context":"https:\/\/schema.org","@graph":[{"@type":"WebPage","@id":"https:\/\/acebo.io\/es\/aviso-legal-y-de-privacidad\/","url":"https:\/\/acebo.io\/es\/aviso-legal-y-de-privacidad\/","name":"Aviso Legal y de Privacidad | Acebo - A Digital Growth Agency","isPartOf":{"@id":"https:\/\/acebo.io\/es\/#website"},"datePublished":"2022-08-17T13:39:20+00:00","dateModified":"2022-08-24T07:49:17+00:00","breadcrumb":{"@id":"https:\/\/acebo.io\/es\/aviso-legal-y-de-privacidad\/#breadcrumb"},"inLanguage":"es","potentialAction":[{"@type":"ReadAction","target":["https:\/\/acebo.io\/es\/aviso-legal-y-de-privacidad\/"]}]},{"@type":"BreadcrumbList","@id":"https:\/\/acebo.io\/es\/aviso-legal-y-de-privacidad\/#breadcrumb","itemListElement":[{"@type":"ListItem","position":1,"name":"Home","item":"https:\/\/acebo.io\/es\/"},{"@type":"ListItem","position":2,"name":"Aviso Legal y de Privacidad"}]},{"@type":"WebSite","@id":"https:\/\/acebo.io\/es\/#website","url":"https:\/\/acebo.io\/es\/","name":"Acebo - A Digital Growth Agency","description":"Specialized in Strategic B2B Digital Growth &amp; Automation","publisher":{"@id":"https:\/\/acebo.io\/es\/#organization"},"potentialAction":[{"@type":"SearchAction","target":{"@type":"EntryPoint","urlTemplate":"https:\/\/acebo.io\/es\/?s={search_term_string}"},"query-input":{"@type":"PropertyValueSpecification","valueRequired":true,"valueName":"search_term_string"}}],"inLanguage":"es"},{"@type":"Organization","@id":"https:\/\/acebo.io\/es\/#organization","name":"Acebo","url":"https:\/\/acebo.io\/es\/","logo":{"@type":"ImageObject","inLanguage":"es","@id":"https:\/\/acebo.io\/es\/#\/schema\/logo\/image\/","url":"https:\/\/acebo.io\/wp-content\/uploads\/2021\/12\/Acebo.png","contentUrl":"https:\/\/acebo.io\/wp-content\/uploads\/2021\/12\/Acebo.png","width":521,"height":521,"caption":"Acebo"},"image":{"@id":"https:\/\/acebo.io\/es\/#\/schema\/logo\/image\/"},"sameAs":["https:\/\/www.linkedin.com\/company\/acebo-digital-marketing"]}]}},"_links":{"self":[{"href":"https:\/\/acebo.io\/es\/wp-json\/wp\/v2\/pages\/241844","targetHints":{"allow":["GET"]}}],"collection":[{"href":"https:\/\/acebo.io\/es\/wp-json\/wp\/v2\/pages"}],"about":[{"href":"https:\/\/acebo.io\/es\/wp-json\/wp\/v2\/types\/page"}],"author":[{"embeddable":true,"href":"https:\/\/acebo.io\/es\/wp-json\/wp\/v2\/users\/1"}],"replies":[{"embeddable":true,"href":"https:\/\/acebo.io\/es\/wp-json\/wp\/v2\/comments?post=241844"}],"version-history":[{"count":30,"href":"https:\/\/acebo.io\/es\/wp-json\/wp\/v2\/pages\/241844\/revisions"}],"predecessor-version":[{"id":245642,"href":"https:\/\/acebo.io\/es\/wp-json\/wp\/v2\/pages\/241844\/revisions\/245642"}],"wp:attachment":[{"href":"https:\/\/acebo.io\/es\/wp-json\/wp\/v2\/media?parent=241844"}],"curies":[{"name":"wp","href":"https:\/\/api.w.org\/{rel}","templated":true}]}}