{"id":242476,"date":"2022-02-15T11:57:41","date_gmt":"2022-02-15T11:57:41","guid":{"rendered":"https:\/\/2021.acebodigitalmarketing.com\/estamos-trabajando-en-ello\/"},"modified":"2022-11-24T12:59:04","modified_gmt":"2022-11-24T12:59:04","slug":"estamos-trabajando-en-ello","status":"publish","type":"page","link":"https:\/\/acebo.io\/es\/estamos-trabajando-en-ello\/","title":{"rendered":"!Estamos trabajando en ello!"},"content":{"rendered":"<p>[et_pb_section fb_built=\u00bb1&#8243; _builder_version=\u00bb4.16&#8243; _module_preset=\u00bbdefault\u00bb background_enable_image=\u00bboff\u00bb module_alignment=\u00bbcenter\u00bb bottom_divider_color=\u00bb#FFFFFF\u00bb bottom_divider_repeat=\u00bb2x\u00bb global_colors_info=\u00bb{}\u00bb][et_pb_row _builder_version=\u00bb4.16&#8243; _module_preset=\u00bbdefault\u00bb width=\u00bb100%\u00bb max_width=\u00bb1920px\u00bb module_alignment=\u00bbcenter\u00bb custom_padding=\u00bb||0px|||\u00bb global_colors_info=\u00bb{}\u00bb][et_pb_column type=\u00bb4_4&#8243; _builder_version=\u00bb4.16&#8243; _module_preset=\u00bbdefault\u00bb global_colors_info=\u00bb{}\u00bb][et_pb_divider show_divider=\u00bboff\u00bb _builder_version=\u00bb4.16&#8243; _module_preset=\u00bbdefault\u00bb custom_margin=\u00bb3%||||false|false\u00bb global_colors_info=\u00bb{}\u00bb][\/et_pb_divider][et_pb_text _builder_version=\u00bb4.16&#8243; _module_preset=\u00bbdefault\u00bb header_font=\u00bb|700|||||||\u00bb header_text_color=\u00bb#000000&#8243; header_font_size=\u00bb80px\u00bb header_3_letter_spacing=\u00bb10px\u00bb module_alignment=\u00bbcenter\u00bb global_colors_info=\u00bb{}\u00bb]<\/p>\n<h3 style=\"text-align: center;\"><span style=\"color: #c0212f;\">Acebo Insights<\/span><\/h3>\n<h1 style=\"text-align: center;\">!Estamos trabajando en ello!<\/h1>\n<p>[\/et_pb_text][\/et_pb_column][\/et_pb_row][et_pb_row _builder_version=\u00bb4.16&#8243; _module_preset=\u00bbdefault\u00bb global_colors_info=\u00bb{}\u00bb][et_pb_column type=\u00bb4_4&#8243; _builder_version=\u00bb4.16&#8243; _module_preset=\u00bbdefault\u00bb global_colors_info=\u00bb{}\u00bb][et_pb_text _builder_version=\u00bb4.16&#8243; _module_preset=\u00bbdefault\u00bb text_text_color=\u00bb#000000&#8243; global_colors_info=\u00bb{}\u00bb]<\/p>\n<p style=\"text-align: center;\">\u00a1Por fin estamos trabajando en nuestra web! Hay mucha informaci\u00f3n que queremos mostrarte de la mejor manera posible. Por lo que, como puedes imaginar, esto lleva tiempo y muchas tazas de caf\u00e9. No queremos detener tu navegaci\u00f3n aqu\u00ed, por lo tanto, a continuaci\u00f3n puedes encontrar algunos de nuestros documentos o echar un vistazo a nuestros \u00faltimos blogs y noticias.<\/p>\n<p style=\"text-align: center;\"><strong>\u00a1Pronto tendremos lista la informaci\u00f3n que buscas!<\/strong><\/p>\n<p>[\/et_pb_text][\/et_pb_column][\/et_pb_row][\/et_pb_section][et_pb_section fb_built=\u00bb1&#8243; prev_background_color=\u00bb#ffffff\u00bb next_background_color=\u00bb#ffffff\u00bb _builder_version=\u00bb4.19.0&#8243; _dynamic_attributes=\u00bbbackground_image\u00bb _module_preset=\u00bbdefault\u00bb background_image=\u00bb@ET-DC@eyJkeW5hbWljIjp0cnVlLCJjb250ZW50IjoicG9zdF9mZWF0dXJlZF9pbWFnZSIsInNldHRpbmdzIjp7fX0=@\u00bb parallax=\u00bbon\u00bb parallax_method=\u00bboff\u00bb min_height=\u00bb400px\u00bb top_divider_style=\u00bbslant2&#8243; top_divider_height=\u00bb200px\u00bb top_divider_repeat=\u00bb1x\u00bb top_divider_flip=\u00bbhorizontal\u00bb bottom_divider_style=\u00bbslant2&#8243; bottom_divider_height=\u00bb200px\u00bb bottom_divider_flip=\u00bbhorizontal\u00bb global_colors_info=\u00bb{}\u00bb][\/et_pb_section][et_pb_section fb_built=\u00bb1&#8243; _builder_version=\u00bb4.16&#8243; _module_preset=\u00bbdefault\u00bb custom_padding=\u00bb||0px|||\u00bb global_colors_info=\u00bb{}\u00bb][et_pb_row _builder_version=\u00bb4.16&#8243; _module_preset=\u00bbdefault\u00bb global_colors_info=\u00bb{}\u00bb][et_pb_column type=\u00bb4_4&#8243; _builder_version=\u00bb4.16&#8243; _module_preset=\u00bbdefault\u00bb global_colors_info=\u00bb{}\u00bb][et_pb_text _builder_version=\u00bb4.16&#8243; _module_preset=\u00bbdefault\u00bb header_2_font=\u00bb|700||on|||||\u00bb header_2_text_color=\u00bb#000000&#8243; header_2_font_size=\u00bb52px\u00bb global_colors_info=\u00bb{}\u00bb]<\/p>\n<h2 style=\"text-align: center;\">Descargas y art\u00edculos<\/h2>\n<p>[\/et_pb_text][et_pb_text _builder_version=\u00bb4.16&#8243; _module_preset=\u00bbdefault\u00bb text_text_color=\u00bb#000000&#8243; header_2_font=\u00bb|700||on|||||\u00bb header_2_font_size=\u00bb52px\u00bb global_colors_info=\u00bb{}\u00bb]<\/p>\n<p style=\"text-align: center;\">Ya sea que est\u00e9s trabajando en un ecosistema digital complejo o iniciando un proyecto online, tenemos informaci\u00f3n relevante para ti. Si no encuentras lo que buscas, no te preocupes, simplemente ponte en contacto con nosotros y expl\u00edcanos tus necesidades. \u00a1Nuestros expertos lo har\u00e1n realidad!<\/p>\n<p>[\/et_pb_text][\/et_pb_column][\/et_pb_row][\/et_pb_section][et_pb_section fb_built=\u00bb1&#8243; admin_label=\u00bbDocuments 3 rows\u00bb _builder_version=\u00bb4.14.7&#8243; _module_preset=\u00bbdefault\u00bb custom_padding=\u00bb||0px|||\u00bb global_module=\u00bb242294&#8243; saved_tabs=\u00bball\u00bb global_colors_info=\u00bb{}\u00bb][et_pb_row column_structure=\u00bb1_3,1_3,1_3&#8243; _builder_version=\u00bb4.16&#8243; _module_preset=\u00bbdefault\u00bb global_colors_info=\u00bb{}\u00bb][et_pb_column type=\u00bb1_3&#8243; _builder_version=\u00bb4.16&#8243; _module_preset=\u00bbdefault\u00bb global_colors_info=\u00bb{}\u00bb][et_pb_image src=\u00bbhttps:\/\/2021.acebodigitalmarketing.com\/wp-content\/uploads\/2022\/02\/Accelerating-business-growth-through-digital-transformation.png\u00bb alt=\u00bbAcelerando el crecimiento a trav\u00e9s de la transformaci\u00f3n digital\u00bb title_text=\u00bbAcelerando el crecimiento a trav\u00e9s de la transformaci\u00f3n digital\u00bb _builder_version=\u00bb4.16&#8243; _module_preset=\u00bbdefault\u00bb max_width=\u00bb300px\u00bb module_alignment=\u00bbcenter\u00bb global_colors_info=\u00bb{}\u00bb][\/et_pb_image][et_pb_text _builder_version=\u00bb4.16&#8243; _module_preset=\u00bbdefault\u00bb text_text_color=\u00bb#000000&#8243; global_colors_info=\u00bb{}\u00bb]<\/p>\n<p style=\"text-align: center;\"><strong>Acelerando el crecimiento a trav\u00e9s de la transformaci\u00f3n digital (PDF)<\/strong><\/p>\n<p>[\/et_pb_text][et_pb_button button_url=\u00bbhttps:\/\/acebo.io\/wp-content\/uploads\/2022\/02\/Acebo-Acelerar-el-crecimiento-empresarial-a-traves-de-la-transformacion-digital.pdf\u00bb url_new_window=\u00bbon\u00bb button_text=\u00bbDescargar\u00bb button_alignment=\u00bbcenter\u00bb disabled_on=\u00bbon|off|off\u00bb _builder_version=\u00bb4.19.1&#8243; _module_preset=\u00bbdefault\u00bb custom_button=\u00bbon\u00bb button_text_size=\u00bb16px\u00bb button_text_color=\u00bb#000000&#8243; button_use_icon=\u00bboff\u00bb hover_enabled=\u00bb0&#8243; global_colors_info=\u00bb{}\u00bb sticky_enabled=\u00bb0&#8243;][\/et_pb_button][et_pb_button button_url=\u00bbhttps:\/\/acebo.io\/wp-content\/uploads\/2022\/02\/Acebo-Acelerar-el-crecimiento-empresarial-a-traves-de-la-transformacion-digital.pdf\u00bb button_text=\u00bbDescargar\u00bb button_alignment=\u00bbcenter\u00bb disabled_on=\u00bboff|on|on\u00bb _builder_version=\u00bb4.19.1&#8243; _module_preset=\u00bbdefault\u00bb custom_button=\u00bbon\u00bb button_text_size=\u00bb16px\u00bb button_text_color=\u00bb#000000&#8243; button_use_icon=\u00bboff\u00bb global_colors_info=\u00bb{}\u00bb][\/et_pb_button][et_pb_divider show_divider=\u00bboff\u00bb disabled_on=\u00bboff|on|on\u00bb _builder_version=\u00bb4.16&#8243; _module_preset=\u00bbdefault\u00bb custom_margin=\u00bb15px||||false|false\u00bb global_colors_info=\u00bb{}\u00bb][\/et_pb_divider][\/et_pb_column][et_pb_column type=\u00bb1_3&#8243; _builder_version=\u00bb4.16&#8243; _module_preset=\u00bbdefault\u00bb global_colors_info=\u00bb{}\u00bb][et_pb_image src=\u00bbhttps:\/\/2021.acebodigitalmarketing.com\/wp-content\/uploads\/2022\/01\/The-Marketing-Automation-Impact.png\u00bb alt=\u00bbEl impacto del marketing automation\u00bb title_text=\u00bbEl impacto del marketing automation\u00bb _builder_version=\u00bb4.16&#8243; _module_preset=\u00bbdefault\u00bb max_width=\u00bb300px\u00bb module_alignment=\u00bbcenter\u00bb global_colors_info=\u00bb{}\u00bb][\/et_pb_image][et_pb_text _builder_version=\u00bb4.16&#8243; _module_preset=\u00bbdefault\u00bb text_text_color=\u00bb#000000&#8243; global_colors_info=\u00bb{}\u00bb]<\/p>\n<p style=\"text-align: center;\"><strong>El impacto del marketing automation (PDF)<\/strong><\/p>\n<p>[\/et_pb_text][et_pb_button button_url=\u00bbhttps:\/\/acebo.io\/wp-content\/uploads\/2022\/02\/Acebo-El-impacto-de-la-automatizacion-de-marketing.pdf\u00bb url_new_window=\u00bbon\u00bb button_text=\u00bbDescargar\u00bb button_alignment=\u00bbcenter\u00bb disabled_on=\u00bbon|off|off\u00bb _builder_version=\u00bb4.19.1&#8243; _module_preset=\u00bbdefault\u00bb custom_button=\u00bbon\u00bb button_text_size=\u00bb16px\u00bb button_text_color=\u00bb#000000&#8243; button_use_icon=\u00bboff\u00bb global_colors_info=\u00bb{}\u00bb][\/et_pb_button][et_pb_button button_url=\u00bbhttps:\/\/acebo.io\/wp-content\/uploads\/2022\/02\/Acebo-El-impacto-de-la-automatizacion-de-marketing.pdf\u00bb button_text=\u00bbDescargar\u00bb button_alignment=\u00bbcenter\u00bb disabled_on=\u00bboff|on|on\u00bb _builder_version=\u00bb4.19.1&#8243; _module_preset=\u00bbdefault\u00bb custom_button=\u00bbon\u00bb button_text_size=\u00bb16px\u00bb button_text_color=\u00bb#000000&#8243; button_use_icon=\u00bboff\u00bb global_colors_info=\u00bb{}\u00bb][\/et_pb_button][et_pb_divider show_divider=\u00bboff\u00bb disabled_on=\u00bboff|on|on\u00bb _builder_version=\u00bb4.16&#8243; _module_preset=\u00bbdefault\u00bb custom_margin=\u00bb15px||||false|false\u00bb global_colors_info=\u00bb{}\u00bb][\/et_pb_divider][\/et_pb_column][et_pb_column type=\u00bb1_3&#8243; _builder_version=\u00bb4.16&#8243; _module_preset=\u00bbdefault\u00bb global_colors_info=\u00bb{}\u00bb][et_pb_image src=\u00bbhttps:\/\/2021.acebodigitalmarketing.com\/wp-content\/uploads\/2022\/02\/Benefits-and-ROI-of-Marketing-Automation.png\u00bb alt=\u00bbBeneficios y ROI del marketing automation\u00bb title_text=\u00bbBeneficios y ROI del marketing automation\u00bb _builder_version=\u00bb4.16&#8243; _module_preset=\u00bbdefault\u00bb max_width=\u00bb300px\u00bb module_alignment=\u00bbcenter\u00bb global_colors_info=\u00bb{}\u00bb][\/et_pb_image][et_pb_text _builder_version=\u00bb4.16&#8243; _module_preset=\u00bbdefault\u00bb text_text_color=\u00bb#000000&#8243; global_colors_info=\u00bb{}\u00bb]<\/p>\n<p style=\"text-align: center;\"><strong>Beneficios y ROI del marketing automation (PDF)<\/strong><\/p>\n<p>[\/et_pb_text][et_pb_button button_url=\u00bbhttps:\/\/acebo.io\/wp-content\/uploads\/2022\/02\/Acebo-Beneficios-y-ROI-del-marketing-automation.pdf\u00bb url_new_window=\u00bbon\u00bb button_text=\u00bbDescargar\u00bb button_alignment=\u00bbcenter\u00bb disabled_on=\u00bbon|off|off\u00bb _builder_version=\u00bb4.19.1&#8243; _module_preset=\u00bbdefault\u00bb custom_button=\u00bbon\u00bb button_text_size=\u00bb16px\u00bb button_text_color=\u00bb#000000&#8243; button_use_icon=\u00bboff\u00bb global_colors_info=\u00bb{}\u00bb][\/et_pb_button][et_pb_button button_url=\u00bbhttps:\/\/acebo.io\/wp-content\/uploads\/2022\/02\/Acebo-Beneficios-y-ROI-del-marketing-automation.pdf\u00bb button_text=\u00bbDescargar\u00bb button_alignment=\u00bbcenter\u00bb disabled_on=\u00bboff|on|on\u00bb _builder_version=\u00bb4.19.1&#8243; _module_preset=\u00bbdefault\u00bb custom_button=\u00bbon\u00bb button_text_size=\u00bb16px\u00bb button_text_color=\u00bb#000000&#8243; button_use_icon=\u00bboff\u00bb global_colors_info=\u00bb{}\u00bb][\/et_pb_button][\/et_pb_column][\/et_pb_row][\/et_pb_section][et_pb_section fb_built=\u00bb1&#8243; _builder_version=\u00bb4.16&#8243; _module_preset=\u00bbdefault\u00bb custom_padding=\u00bb0px|||||\u00bb global_colors_info=\u00bb{}\u00bb][et_pb_row _builder_version=\u00bb4.16&#8243; _module_preset=\u00bbdefault\u00bb global_colors_info=\u00bb{}\u00bb][et_pb_column type=\u00bb4_4&#8243; _builder_version=\u00bb4.16&#8243; _module_preset=\u00bbdefault\u00bb global_colors_info=\u00bb{}\u00bb][et_pb_divider show_divider=\u00bboff\u00bb disabled_on=\u00bboff|on|on\u00bb _builder_version=\u00bb4.16&#8243; _module_preset=\u00bbdefault\u00bb custom_margin=\u00bb30px||||false|false\u00bb global_colors_info=\u00bb{}\u00bb][\/et_pb_divider][et_pb_blog fullwidth=\u00bboff\u00bb posts_number=\u00bb6&#8243; excerpt_length=\u00bb108&#8243; show_more=\u00bbon\u00bb show_author=\u00bboff\u00bb show_date=\u00bboff\u00bb show_categories=\u00bboff\u00bb show_pagination=\u00bboff\u00bb _builder_version=\u00bb4.16&#8243; _module_preset=\u00bbdefault\u00bb header_level=\u00bbh4&#8243; header_font=\u00bb|700|||||||\u00bb header_text_color=\u00bb#000000&#8243; header_font_size=\u00bb18px\u00bb header_line_height=\u00bb1.2em\u00bb read_more_font=\u00bb||||||||\u00bb read_more_text_color=\u00bb#000000&#8243; read_more_font_size=\u00bb12px\u00bb custom_css_content=\u00bbmargin-top:10px;\u00bb custom_css_featured_image=\u00bbclip-path: polygon(0 0, 100% 0, 100% 100%, 0 90%);\u00bb custom_css_read_more=\u00bbfloat:right;||text-transform: capitalize;||margin-top:20px;||border:solid;||border-width: 2px;||border-radius:3px;||padding-top:2px;||padding-bottom:2px;||padding-right:8px;||padding-left:8px;\u00bb box_shadow_style=\u00bbpreset1&#8243; global_colors_info=\u00bb{}\u00bb][\/et_pb_blog][\/et_pb_column][\/et_pb_row][\/et_pb_section]<\/p>\n","protected":false},"excerpt":{"rendered":"<p>Acebo Insights !Estamos trabajando en ello!\u00a1Por fin estamos trabajando en nuestra web! Hay mucha informaci\u00f3n que queremos mostrarte de la mejor manera posible. Por lo que, como puedes imaginar, esto lleva tiempo y muchas tazas de caf\u00e9. No queremos detener tu navegaci\u00f3n aqu\u00ed, por lo tanto, a continuaci\u00f3n puedes encontrar algunos de nuestros documentos o echar un vistazo a nuestros \u00faltimos blogs y noticias. \u00a1Pronto tendremos lista la informaci\u00f3n que buscas!Descargas y art\u00edculosYa sea que est\u00e9s trabajando en un ecosistema digital complejo o iniciando un proyecto online, tenemos informaci\u00f3n relevante para ti. Si no encuentras lo que buscas, no te preocupes, simplemente ponte en contacto con nosotros y expl\u00edcanos tus necesidades. \u00a1Nuestros expertos lo har\u00e1n realidad!Acelerando el crecimiento a trav\u00e9s de la transformaci\u00f3n digital (PDF)El impacto del marketing automation (PDF)Beneficios y ROI del marketing automation (PDF)<\/p>\n","protected":false},"author":1,"featured_media":242042,"parent":0,"menu_order":3,"comment_status":"closed","ping_status":"closed","template":"","meta":{"_et_pb_use_builder":"on","_et_pb_old_content":"","_et_gb_content_width":"","footnotes":""},"class_list":["post-242476","page","type-page","status-publish","has-post-thumbnail","hentry"],"yoast_head":"<!-- This site is optimized with the Yoast SEO plugin v27.4 - https:\/\/yoast.com\/product\/yoast-seo-wordpress\/ -->\n<title>!Estamos trabajando en ello! | Acebo - A Digital Growth Agency<\/title>\n<meta name=\"description\" content=\"\u00a1Por fin estamos trabajando en nuestra web! Hay mucha informaci\u00f3n que queremos mostrarte de la mejor manera posible. Por lo que...\" \/>\n<meta name=\"robots\" content=\"index, follow, max-snippet:-1, max-image-preview:large, max-video-preview:-1\" \/>\n<link rel=\"canonical\" href=\"https:\/\/acebo.io\/es\/estamos-trabajando-en-ello\/\" \/>\n<meta property=\"og:locale\" content=\"es_ES\" \/>\n<meta property=\"og:type\" content=\"article\" \/>\n<meta property=\"og:title\" content=\"!Estamos trabajando en ello! | Acebo - A Digital Growth Agency\" \/>\n<meta property=\"og:description\" content=\"\u00a1Por fin estamos trabajando en nuestra web! Hay mucha informaci\u00f3n que queremos mostrarte de la mejor manera posible. Por lo que...\" \/>\n<meta property=\"og:url\" content=\"https:\/\/acebo.io\/es\/estamos-trabajando-en-ello\/\" \/>\n<meta property=\"og:site_name\" content=\"Acebo - A Digital Growth Agency\" \/>\n<meta property=\"article:modified_time\" content=\"2022-11-24T12:59:04+00:00\" \/>\n<meta property=\"og:image\" content=\"https:\/\/acebo.io\/wp-content\/uploads\/2022\/02\/pexels-peng-liu-169647.jpg\" \/>\n\t<meta property=\"og:image:width\" content=\"1805\" \/>\n\t<meta property=\"og:image:height\" content=\"1205\" \/>\n\t<meta property=\"og:image:type\" content=\"image\/jpeg\" \/>\n<meta name=\"twitter:card\" content=\"summary_large_image\" \/>\n<meta name=\"twitter:label1\" content=\"Tiempo de lectura\" \/>\n\t<meta name=\"twitter:data1\" content=\"7 minutos\" \/>\n<script type=\"application\/ld+json\" class=\"yoast-schema-graph\">{\"@context\":\"https:\\\/\\\/schema.org\",\"@graph\":[{\"@type\":\"WebPage\",\"@id\":\"https:\\\/\\\/acebo.io\\\/es\\\/estamos-trabajando-en-ello\\\/\",\"url\":\"https:\\\/\\\/acebo.io\\\/es\\\/estamos-trabajando-en-ello\\\/\",\"name\":\"!Estamos trabajando en ello! | Acebo - A Digital Growth Agency\",\"isPartOf\":{\"@id\":\"https:\\\/\\\/acebo.io\\\/es\\\/#website\"},\"primaryImageOfPage\":{\"@id\":\"https:\\\/\\\/acebo.io\\\/es\\\/estamos-trabajando-en-ello\\\/#primaryimage\"},\"image\":{\"@id\":\"https:\\\/\\\/acebo.io\\\/es\\\/estamos-trabajando-en-ello\\\/#primaryimage\"},\"thumbnailUrl\":\"https:\\\/\\\/acebo.io\\\/wp-content\\\/uploads\\\/2022\\\/02\\\/pexels-peng-liu-169647.jpg\",\"datePublished\":\"2022-02-15T11:57:41+00:00\",\"dateModified\":\"2022-11-24T12:59:04+00:00\",\"description\":\"\u00a1Por fin estamos trabajando en nuestra web! Hay mucha informaci\u00f3n que queremos mostrarte de la mejor manera posible. Por lo que...\",\"breadcrumb\":{\"@id\":\"https:\\\/\\\/acebo.io\\\/es\\\/estamos-trabajando-en-ello\\\/#breadcrumb\"},\"inLanguage\":\"es\",\"potentialAction\":[{\"@type\":\"ReadAction\",\"target\":[\"https:\\\/\\\/acebo.io\\\/es\\\/estamos-trabajando-en-ello\\\/\"]}]},{\"@type\":\"ImageObject\",\"inLanguage\":\"es\",\"@id\":\"https:\\\/\\\/acebo.io\\\/es\\\/estamos-trabajando-en-ello\\\/#primaryimage\",\"url\":\"https:\\\/\\\/acebo.io\\\/wp-content\\\/uploads\\\/2022\\\/02\\\/pexels-peng-liu-169647.jpg\",\"contentUrl\":\"https:\\\/\\\/acebo.io\\\/wp-content\\\/uploads\\\/2022\\\/02\\\/pexels-peng-liu-169647.jpg\",\"width\":1805,\"height\":1205,\"caption\":\"B2B digital marketing\"},{\"@type\":\"BreadcrumbList\",\"@id\":\"https:\\\/\\\/acebo.io\\\/es\\\/estamos-trabajando-en-ello\\\/#breadcrumb\",\"itemListElement\":[{\"@type\":\"ListItem\",\"position\":1,\"name\":\"Home\",\"item\":\"https:\\\/\\\/acebo.io\\\/es\\\/\"},{\"@type\":\"ListItem\",\"position\":2,\"name\":\"!Estamos trabajando en ello!\"}]},{\"@type\":\"WebSite\",\"@id\":\"https:\\\/\\\/acebo.io\\\/es\\\/#website\",\"url\":\"https:\\\/\\\/acebo.io\\\/es\\\/\",\"name\":\"Acebo - A Digital Growth Agency\",\"description\":\"Specialized in Strategic B2B Digital Growth &amp; Automation\",\"publisher\":{\"@id\":\"https:\\\/\\\/acebo.io\\\/es\\\/#organization\"},\"potentialAction\":[{\"@type\":\"SearchAction\",\"target\":{\"@type\":\"EntryPoint\",\"urlTemplate\":\"https:\\\/\\\/acebo.io\\\/es\\\/?s={search_term_string}\"},\"query-input\":{\"@type\":\"PropertyValueSpecification\",\"valueRequired\":true,\"valueName\":\"search_term_string\"}}],\"inLanguage\":\"es\"},{\"@type\":\"Organization\",\"@id\":\"https:\\\/\\\/acebo.io\\\/es\\\/#organization\",\"name\":\"Acebo\",\"url\":\"https:\\\/\\\/acebo.io\\\/es\\\/\",\"logo\":{\"@type\":\"ImageObject\",\"inLanguage\":\"es\",\"@id\":\"https:\\\/\\\/acebo.io\\\/es\\\/#\\\/schema\\\/logo\\\/image\\\/\",\"url\":\"https:\\\/\\\/acebo.io\\\/wp-content\\\/uploads\\\/2021\\\/12\\\/Acebo.png\",\"contentUrl\":\"https:\\\/\\\/acebo.io\\\/wp-content\\\/uploads\\\/2021\\\/12\\\/Acebo.png\",\"width\":521,\"height\":521,\"caption\":\"Acebo\"},\"image\":{\"@id\":\"https:\\\/\\\/acebo.io\\\/es\\\/#\\\/schema\\\/logo\\\/image\\\/\"},\"sameAs\":[\"https:\\\/\\\/www.linkedin.com\\\/company\\\/acebo-digital-marketing\"]}]}<\/script>\n<!-- \/ Yoast SEO plugin. -->","yoast_head_json":{"title":"!Estamos trabajando en ello! | Acebo - A Digital Growth Agency","description":"\u00a1Por fin estamos trabajando en nuestra web! Hay mucha informaci\u00f3n que queremos mostrarte de la mejor manera posible. Por lo que...","robots":{"index":"index","follow":"follow","max-snippet":"max-snippet:-1","max-image-preview":"max-image-preview:large","max-video-preview":"max-video-preview:-1"},"canonical":"https:\/\/acebo.io\/es\/estamos-trabajando-en-ello\/","og_locale":"es_ES","og_type":"article","og_title":"!Estamos trabajando en ello! | Acebo - A Digital Growth Agency","og_description":"\u00a1Por fin estamos trabajando en nuestra web! Hay mucha informaci\u00f3n que queremos mostrarte de la mejor manera posible. Por lo que...","og_url":"https:\/\/acebo.io\/es\/estamos-trabajando-en-ello\/","og_site_name":"Acebo - A Digital Growth Agency","article_modified_time":"2022-11-24T12:59:04+00:00","og_image":[{"width":1805,"height":1205,"url":"https:\/\/acebo.io\/wp-content\/uploads\/2022\/02\/pexels-peng-liu-169647.jpg","type":"image\/jpeg"}],"twitter_card":"summary_large_image","twitter_misc":{"Tiempo de lectura":"7 minutos"},"schema":{"@context":"https:\/\/schema.org","@graph":[{"@type":"WebPage","@id":"https:\/\/acebo.io\/es\/estamos-trabajando-en-ello\/","url":"https:\/\/acebo.io\/es\/estamos-trabajando-en-ello\/","name":"!Estamos trabajando en ello! | Acebo - A Digital Growth Agency","isPartOf":{"@id":"https:\/\/acebo.io\/es\/#website"},"primaryImageOfPage":{"@id":"https:\/\/acebo.io\/es\/estamos-trabajando-en-ello\/#primaryimage"},"image":{"@id":"https:\/\/acebo.io\/es\/estamos-trabajando-en-ello\/#primaryimage"},"thumbnailUrl":"https:\/\/acebo.io\/wp-content\/uploads\/2022\/02\/pexels-peng-liu-169647.jpg","datePublished":"2022-02-15T11:57:41+00:00","dateModified":"2022-11-24T12:59:04+00:00","description":"\u00a1Por fin estamos trabajando en nuestra web! Hay mucha informaci\u00f3n que queremos mostrarte de la mejor manera posible. Por lo que...","breadcrumb":{"@id":"https:\/\/acebo.io\/es\/estamos-trabajando-en-ello\/#breadcrumb"},"inLanguage":"es","potentialAction":[{"@type":"ReadAction","target":["https:\/\/acebo.io\/es\/estamos-trabajando-en-ello\/"]}]},{"@type":"ImageObject","inLanguage":"es","@id":"https:\/\/acebo.io\/es\/estamos-trabajando-en-ello\/#primaryimage","url":"https:\/\/acebo.io\/wp-content\/uploads\/2022\/02\/pexels-peng-liu-169647.jpg","contentUrl":"https:\/\/acebo.io\/wp-content\/uploads\/2022\/02\/pexels-peng-liu-169647.jpg","width":1805,"height":1205,"caption":"B2B digital marketing"},{"@type":"BreadcrumbList","@id":"https:\/\/acebo.io\/es\/estamos-trabajando-en-ello\/#breadcrumb","itemListElement":[{"@type":"ListItem","position":1,"name":"Home","item":"https:\/\/acebo.io\/es\/"},{"@type":"ListItem","position":2,"name":"!Estamos trabajando en ello!"}]},{"@type":"WebSite","@id":"https:\/\/acebo.io\/es\/#website","url":"https:\/\/acebo.io\/es\/","name":"Acebo - A Digital Growth Agency","description":"Specialized in Strategic B2B Digital Growth &amp; Automation","publisher":{"@id":"https:\/\/acebo.io\/es\/#organization"},"potentialAction":[{"@type":"SearchAction","target":{"@type":"EntryPoint","urlTemplate":"https:\/\/acebo.io\/es\/?s={search_term_string}"},"query-input":{"@type":"PropertyValueSpecification","valueRequired":true,"valueName":"search_term_string"}}],"inLanguage":"es"},{"@type":"Organization","@id":"https:\/\/acebo.io\/es\/#organization","name":"Acebo","url":"https:\/\/acebo.io\/es\/","logo":{"@type":"ImageObject","inLanguage":"es","@id":"https:\/\/acebo.io\/es\/#\/schema\/logo\/image\/","url":"https:\/\/acebo.io\/wp-content\/uploads\/2021\/12\/Acebo.png","contentUrl":"https:\/\/acebo.io\/wp-content\/uploads\/2021\/12\/Acebo.png","width":521,"height":521,"caption":"Acebo"},"image":{"@id":"https:\/\/acebo.io\/es\/#\/schema\/logo\/image\/"},"sameAs":["https:\/\/www.linkedin.com\/company\/acebo-digital-marketing"]}]}},"_links":{"self":[{"href":"https:\/\/acebo.io\/es\/wp-json\/wp\/v2\/pages\/242476","targetHints":{"allow":["GET"]}}],"collection":[{"href":"https:\/\/acebo.io\/es\/wp-json\/wp\/v2\/pages"}],"about":[{"href":"https:\/\/acebo.io\/es\/wp-json\/wp\/v2\/types\/page"}],"author":[{"embeddable":true,"href":"https:\/\/acebo.io\/es\/wp-json\/wp\/v2\/users\/1"}],"replies":[{"embeddable":true,"href":"https:\/\/acebo.io\/es\/wp-json\/wp\/v2\/comments?post=242476"}],"version-history":[{"count":20,"href":"https:\/\/acebo.io\/es\/wp-json\/wp\/v2\/pages\/242476\/revisions"}],"predecessor-version":[{"id":247441,"href":"https:\/\/acebo.io\/es\/wp-json\/wp\/v2\/pages\/242476\/revisions\/247441"}],"wp:featuredmedia":[{"embeddable":true,"href":"https:\/\/acebo.io\/es\/wp-json\/wp\/v2\/media\/242042"}],"wp:attachment":[{"href":"https:\/\/acebo.io\/es\/wp-json\/wp\/v2\/media?parent=242476"}],"curies":[{"name":"wp","href":"https:\/\/api.w.org\/{rel}","templated":true}]}}