{"id":243331,"date":"2022-03-09T17:44:44","date_gmt":"2022-03-09T17:44:44","guid":{"rendered":"https:\/\/acebo.io\/blog-2\/"},"modified":"2023-01-20T12:48:21","modified_gmt":"2023-01-20T12:48:21","slug":"blog","status":"publish","type":"page","link":"https:\/\/acebo.io\/es\/blog\/","title":{"rendered":"Blog"},"content":{"rendered":"<p>[et_pb_section fb_built=\u00bb1&#8243; disabled_on=\u00bboff|off|off\u00bb _builder_version=\u00bb4.16&#8243; _module_preset=\u00bbdefault\u00bb global_colors_info=\u00bb{}\u00bb][et_pb_row _builder_version=\u00bb4.16&#8243; _module_preset=\u00bbdefault\u00bb global_colors_info=\u00bb{}\u00bb][et_pb_column type=\u00bb4_4&#8243; _builder_version=\u00bb4.16&#8243; _module_preset=\u00bbdefault\u00bb global_colors_info=\u00bb{}\u00bb][et_pb_divider show_divider=\u00bboff\u00bb _builder_version=\u00bb4.16&#8243; _module_preset=\u00bbdefault\u00bb custom_margin=\u00bb7.5%||||false|false\u00bb global_colors_info=\u00bb{}\u00bb][\/et_pb_divider][et_pb_text _builder_version=\u00bb4.17.1&#8243; _module_preset=\u00bbdefault\u00bb header_font=\u00bb|700|||||||\u00bb header_text_align=\u00bbcenter\u00bb header_text_color=\u00bb#000000&#8243; header_3_font=\u00bbRoboto|700|||||||\u00bb header_3_text_color=\u00bb#FFFFFF\u00bb module_alignment=\u00bbcenter\u00bb global_colors_info=\u00bb{}\u00bb]<\/p>\n<h3 style=\"text-align: center;\"><span style=\"color: #c0212f;\">Acebo Insights<\/span><\/h3>\n<h1 style=\"text-align: center;\">LA TRANSFORMACI\u00d3N DIGITAL QUE BUSCAS<\/h1>\n<p>[\/et_pb_text][et_pb_text disabled_on=\u00bbon|off|off\u00bb _builder_version=\u00bb4.19.0&#8243; _module_preset=\u00bbdefault\u00bb global_colors_info=\u00bb{}\u00bb]<\/p>\n<p style=\"text-align: center;\">Elegir la soluci\u00f3n digital adecuada para impulsar el crecimiento a veces puede ser desalentador. Cada empresa, proyecto y cliente puede requerir diferentes soluciones para diferentes necesidades. Nuestro blog puede ser un punto de partida para guiarte en la direcci\u00f3n correcta o encontrar los servicios adecuados a tus necesidades. Cada servicio que ofrecemos se complementa entre s\u00ed, as\u00ed que ten la seguridad de que te ayudaremos con las soluciones adecuadas para acelerar tu crecimiento digital.<\/p>\n<p>[\/et_pb_text][\/et_pb_column][\/et_pb_row][\/et_pb_section][et_pb_section fb_built=\u00bb1&#8243; disabled_on=\u00bbon|off|off\u00bb _builder_version=\u00bb4.19.1&#8243; _module_preset=\u00bbdefault\u00bb background_color=\u00bbRGBA(255,255,255,0)\u00bb background_image=\u00bbhttps:\/\/acebo.io\/wp-content\/uploads\/2021\/12\/Want_to_learn_about_digital_marketing.jpg\u00bb parallax=\u00bbon\u00bb transform_translate_linked=\u00bboff\u00bb min_height=\u00bb120px\u00bb custom_padding=\u00bb50px||100px||false|false\u00bb top_divider_style=\u00bbslant2&#8243; top_divider_color=\u00bb#FFFFFF\u00bb top_divider_height=\u00bb75%\u00bb top_divider_flip=\u00bbhorizontal\u00bb bottom_divider_style=\u00bbslant2&#8243; bottom_divider_color=\u00bb#FFFFFF\u00bb bottom_divider_height=\u00bb75%\u00bb bottom_divider_flip=\u00bbhorizontal\u00bb global_colors_info=\u00bb{}\u00bb][et_pb_row column_structure=\u00bb1_2,1_2&#8243; disabled_on=\u00bboff|off|off\u00bb _builder_version=\u00bb4.16&#8243; _module_preset=\u00bbdefault\u00bb transform_scale=\u00bb110%|110%\u00bb global_colors_info=\u00bb{}\u00bb][et_pb_column type=\u00bb1_2&#8243; _builder_version=\u00bb4.16&#8243; _module_preset=\u00bbdefault\u00bb global_colors_info=\u00bb{}\u00bb][et_pb_image src=\u00bbhttps:\/\/acebo.io\/wp-content\/uploads\/2022\/12\/B2B-metaverso-1.jpg\u00bb alt=\u00bbThe B2B Metaverse, a step inside the Internet\u00bb title_text=\u00bbB2B metaverso\u00bb url=\u00bb@ET-DC@eyJkeW5hbWljIjp0cnVlLCJjb250ZW50IjoicG9zdF9saW5rX3VybF9wb3N0Iiwic2V0dGluZ3MiOnsicG9zdF9pZCI6IjI0NTgxMSJ9fQ==@\u00bb _builder_version=\u00bb4.19.4&#8243; _dynamic_attributes=\u00bburl\u00bb _module_preset=\u00bbdefault\u00bb transform_scale=\u00bb115%|115%\u00bb transform_translate=\u00bb-15px|11px\u00bb transform_translate_linked=\u00bboff\u00bb hover_enabled=\u00bb0&#8243; border_radii=\u00bbon|10px|10px|10px|10px\u00bb box_shadow_style=\u00bbpreset1&#8243; box_shadow_vertical=\u00bb5px\u00bb global_colors_info=\u00bb{}\u00bb sticky_enabled=\u00bb0&#8243;][\/et_pb_image][\/et_pb_column][et_pb_column type=\u00bb1_2&#8243; _builder_version=\u00bb4.16&#8243; _module_preset=\u00bbdefault\u00bb global_colors_info=\u00bb{}\u00bb][et_pb_blog posts_number=\u00bb1&#8243; include_categories=\u00bb13&#8243; show_thumbnail=\u00bboff\u00bb excerpt_length=\u00bb320&#8243; show_author=\u00bboff\u00bb show_date=\u00bboff\u00bb show_categories=\u00bboff\u00bb show_pagination=\u00bboff\u00bb _builder_version=\u00bb4.16&#8243; _module_preset=\u00bbdefault\u00bb header_font=\u00bb|||on|||||\u00bb header_text_color=\u00bb#000000&#8243; header_font_size=\u00bb30px\u00bb body_text_color=\u00bb#111111&#8243; meta_text_align=\u00bbleft\u00bb text_orientation=\u00bbleft\u00bb global_colors_info=\u00bb{}\u00bb][\/et_pb_blog][et_pb_button button_url=\u00bb@ET-DC@eyJkeW5hbWljIjp0cnVlLCJjb250ZW50IjoicG9zdF9saW5rX3VybF9wb3N0Iiwic2V0dGluZ3MiOnsicG9zdF9pZCI6IjI0ODQwNCJ9fQ==@\u00bb button_text=\u00bbLeer m\u00e1s\u00bb button_alignment=\u00bbleft\u00bb _builder_version=\u00bb4.19.4&#8243; _dynamic_attributes=\u00bbbutton_url\u00bb custom_button=\u00bbon\u00bb button_text_size=\u00bb14px\u00bb button_bg_use_color_gradient=\u00bbon\u00bb button_bg_color_gradient_direction=\u00bb90deg\u00bb button_bg_color_gradient_stops=\u00bb#000000 0%|#000000 100%\u00bb button_bg_color_gradient_start=\u00bb#000000&#8243; button_bg_color_gradient_end=\u00bb#000000&#8243; button_border_width=\u00bb1px\u00bb button_border_color=\u00bb#FFFFFF\u00bb button_border_radius=\u00bb4px\u00bb button_letter_spacing=\u00bb5px\u00bb button_font=\u00bbRoboto|700||on|||||\u00bb button_icon=\u00bb&#x33;||divi||400&#8243; transform_translate=\u00bb0px|-30px\u00bb transform_translate_linked=\u00bboff\u00bb background_layout=\u00bbdark\u00bb custom_margin=\u00bb|||\u00bb custom_padding=\u00bb10px|34px|10px|34px|true|true\u00bb hover_enabled=\u00bb0&#8243; button_text_size_tablet=\u00bb\u00bb button_text_size_phone=\u00bb14px\u00bb button_text_size_last_edited=\u00bbon|phone\u00bb button_letter_spacing_hover=\u00bb5.5px\u00bb locked=\u00bboff\u00bb global_colors_info=\u00bb{}\u00bb button_text_size__hover_enabled=\u00bboff\u00bb button_one_text_size__hover_enabled=\u00bboff\u00bb button_two_text_size__hover_enabled=\u00bboff\u00bb button_text_color__hover_enabled=\u00bboff\u00bb button_one_text_color__hover_enabled=\u00bboff\u00bb button_two_text_color__hover_enabled=\u00bboff\u00bb button_border_width__hover_enabled=\u00bboff\u00bb button_one_border_width__hover_enabled=\u00bboff\u00bb button_two_border_width__hover_enabled=\u00bboff\u00bb button_border_color__hover_enabled=\u00bboff\u00bb button_one_border_color__hover_enabled=\u00bboff\u00bb button_two_border_color__hover_enabled=\u00bboff\u00bb button_border_radius__hover_enabled=\u00bboff\u00bb button_one_border_radius__hover_enabled=\u00bboff\u00bb button_two_border_radius__hover_enabled=\u00bboff\u00bb button_letter_spacing__hover_enabled=\u00bbon\u00bb button_letter_spacing__hover=\u00bb5.5px\u00bb button_one_letter_spacing__hover_enabled=\u00bboff\u00bb button_two_letter_spacing__hover_enabled=\u00bboff\u00bb button_bg_color__hover_enabled=\u00bbon|hover\u00bb button_one_bg_color__hover_enabled=\u00bboff\u00bb button_two_bg_color__hover_enabled=\u00bboff\u00bb button_bg_color_gradient_start__hover=\u00bb#c0212f\u00bb button_bg_color_gradient_end__hover=\u00bb#161a1b\u00bb button_bg_use_color_gradient__hover=\u00bbon\u00bb button_bg_color_gradient_direction__hover=\u00bb270deg\u00bb button_bg_color_gradient_type__hover=\u00bblinear\u00bb button_bg_color_gradient_start_position__hover=\u00bb0%\u00bb button_bg_color_gradient_end_position__hover=\u00bb100%\u00bb button_bg_color_gradient_stops__hover=\u00bb#c0212f 0%|#161a1b 100%\u00bb sticky_enabled=\u00bb0&#8243;][\/et_pb_button][\/et_pb_column][\/et_pb_row][\/et_pb_section][et_pb_section fb_built=\u00bb1&#8243; next_background_color=\u00bb#ffffff\u00bb disabled_on=\u00bboff|on|on\u00bb _builder_version=\u00bb4.19.1&#8243; _module_preset=\u00bbdefault\u00bb background_color=\u00bb#d6d6d6&#8243; background_image=\u00bbhttps:\/\/acebo.io\/wp-content\/uploads\/2021\/12\/Want_to_learn_about_digital_marketing.jpg\u00bb parallax=\u00bbon\u00bb transform_translate=\u00bb0px|-50px\u00bb transform_translate_linked=\u00bboff\u00bb min_height=\u00bb100px\u00bb custom_padding=\u00bb100px||100px||false|false\u00bb top_divider_style=\u00bbslant2&#8243; top_divider_color=\u00bb#FFFFFF\u00bb top_divider_flip=\u00bbhorizontal\u00bb bottom_divider_style=\u00bbslant2&#8243; bottom_divider_flip=\u00bbhorizontal\u00bb global_colors_info=\u00bb{}\u00bb][\/et_pb_section][et_pb_section fb_built=\u00bb1&#8243; disabled_on=\u00bboff|off|off\u00bb _builder_version=\u00bb4.17.1&#8243; _module_preset=\u00bbdefault\u00bb global_colors_info=\u00bb{}\u00bb][et_pb_row _builder_version=\u00bb4.17.1&#8243; _module_preset=\u00bbdefault\u00bb module_alignment=\u00bbcenter\u00bb custom_margin=\u00bb||||false|false\u00bb custom_padding=\u00bb||||false|false\u00bb global_colors_info=\u00bb{}\u00bb][et_pb_column type=\u00bb4_4&#8243; _builder_version=\u00bb4.16&#8243; _module_preset=\u00bbdefault\u00bb global_colors_info=\u00bb{}\u00bb][et_pb_blog fullwidth=\u00bboff\u00bb posts_number=\u00bb20&#8243; include_categories=\u00bb1&#8243; excerpt_length=\u00bb108&#8243; show_more=\u00bbon\u00bb show_author=\u00bboff\u00bb show_date=\u00bboff\u00bb show_categories=\u00bboff\u00bb _builder_version=\u00bb4.17.6&#8243; _module_preset=\u00bbdefault\u00bb header_level=\u00bbh4&#8243; header_font=\u00bb|700|||||||\u00bb header_font_size=\u00bb18px\u00bb header_line_height=\u00bb1.2em\u00bb read_more_font=\u00bb||||||||\u00bb read_more_text_color=\u00bb#000000&#8243; read_more_font_size=\u00bb12px\u00bb custom_css_main_element=\u00bb||\u00bb custom_css_content=\u00bbmargin-top:10px;\u00bb custom_css_featured_image=\u00bbclip-path: polygon(0 0, 100% 0, 100% 100%, 0 90%);\u00bb custom_css_read_more=\u00bbfloat:right;||text-transform: capitalize;||margin-top:20px;||border:solid;||border-width: 2px;||border-radius:3px;||padding-top:2px;||padding-bottom:2px;||padding-right:8px;||padding-left:8px;\u00bb border_radii_image=\u00bboff||||\u00bb box_shadow_style=\u00bbpreset1&#8243; global_colors_info=\u00bb{}\u00bb][\/et_pb_blog][\/et_pb_column][\/et_pb_row][\/et_pb_section]<\/p>\n","protected":false},"excerpt":{"rendered":"<p>Acebo Insights LA TRANSFORMACI\u00d3N DIGITAL QUE BUSCASElegir la soluci\u00f3n digital adecuada para impulsar el crecimiento a veces puede ser desalentador. Cada empresa, proyecto y cliente puede requerir diferentes soluciones para diferentes necesidades. Nuestro blog puede ser un punto de partida para guiarte en la direcci\u00f3n correcta o encontrar los servicios adecuados a tus necesidades. Cada servicio que ofrecemos se complementa entre s\u00ed, as\u00ed que ten la seguridad de que te ayudaremos con las soluciones adecuadas para acelerar tu crecimiento digital.<\/p>\n","protected":false},"author":1,"featured_media":238451,"parent":0,"menu_order":0,"comment_status":"closed","ping_status":"closed","template":"","meta":{"_et_pb_use_builder":"on","_et_pb_old_content":"","_et_gb_content_width":"","footnotes":""},"class_list":["post-243331","page","type-page","status-publish","has-post-thumbnail","hentry"],"yoast_head":"<!-- This site is optimized with the Yoast SEO plugin v27.3 - https:\/\/yoast.com\/product\/yoast-seo-wordpress\/ -->\n<title>Blog | Acebo - A Digital Growth Agency<\/title>\n<meta name=\"description\" content=\"Elegir la soluci\u00f3n de marketing digital adecuada para impulsar el crecimiento a veces puede ser desalentador. \u00a1Probablemente encuentres una respuesta en nuestro blog!\" \/>\n<meta name=\"robots\" content=\"index, follow, max-snippet:-1, max-image-preview:large, max-video-preview:-1\" \/>\n<link rel=\"canonical\" href=\"https:\/\/acebo.io\/es\/blog\/\" \/>\n<meta property=\"og:locale\" content=\"es_ES\" \/>\n<meta property=\"og:type\" content=\"article\" \/>\n<meta property=\"og:title\" content=\"Blog | Acebo - A Digital Growth Agency\" \/>\n<meta property=\"og:description\" content=\"Elegir la soluci\u00f3n de marketing digital adecuada para impulsar el crecimiento a veces puede ser desalentador. \u00a1Probablemente encuentres una respuesta en nuestro blog!\" \/>\n<meta property=\"og:url\" content=\"https:\/\/acebo.io\/es\/blog\/\" \/>\n<meta property=\"og:site_name\" content=\"Acebo - A Digital Growth Agency\" \/>\n<meta property=\"article:modified_time\" content=\"2023-01-20T12:48:21+00:00\" \/>\n<meta property=\"og:image\" content=\"https:\/\/acebo.io\/wp-content\/uploads\/2021\/12\/Want_to_learn_about_digital_marketing.jpg\" \/>\n\t<meta property=\"og:image:width\" content=\"1920\" \/>\n\t<meta property=\"og:image:height\" content=\"631\" \/>\n\t<meta property=\"og:image:type\" content=\"image\/jpeg\" \/>\n<meta name=\"twitter:card\" content=\"summary_large_image\" \/>\n<meta name=\"twitter:label1\" content=\"Tiempo de lectura\" \/>\n\t<meta name=\"twitter:data1\" content=\"2 minutos\" \/>\n<script type=\"application\/ld+json\" class=\"yoast-schema-graph\">{\"@context\":\"https:\\\/\\\/schema.org\",\"@graph\":[{\"@type\":\"WebPage\",\"@id\":\"https:\\\/\\\/acebo.io\\\/es\\\/blog\\\/\",\"url\":\"https:\\\/\\\/acebo.io\\\/es\\\/blog\\\/\",\"name\":\"Blog | Acebo - A Digital Growth Agency\",\"isPartOf\":{\"@id\":\"https:\\\/\\\/acebo.io\\\/es\\\/#website\"},\"primaryImageOfPage\":{\"@id\":\"https:\\\/\\\/acebo.io\\\/es\\\/blog\\\/#primaryimage\"},\"image\":{\"@id\":\"https:\\\/\\\/acebo.io\\\/es\\\/blog\\\/#primaryimage\"},\"thumbnailUrl\":\"https:\\\/\\\/acebo.io\\\/wp-content\\\/uploads\\\/2021\\\/12\\\/Want_to_learn_about_digital_marketing.jpg\",\"datePublished\":\"2022-03-09T17:44:44+00:00\",\"dateModified\":\"2023-01-20T12:48:21+00:00\",\"description\":\"Elegir la soluci\u00f3n de marketing digital adecuada para impulsar el crecimiento a veces puede ser desalentador. \u00a1Probablemente encuentres una respuesta en nuestro blog!\",\"breadcrumb\":{\"@id\":\"https:\\\/\\\/acebo.io\\\/es\\\/blog\\\/#breadcrumb\"},\"inLanguage\":\"es\",\"potentialAction\":[{\"@type\":\"ReadAction\",\"target\":[\"https:\\\/\\\/acebo.io\\\/es\\\/blog\\\/\"]}]},{\"@type\":\"ImageObject\",\"inLanguage\":\"es\",\"@id\":\"https:\\\/\\\/acebo.io\\\/es\\\/blog\\\/#primaryimage\",\"url\":\"https:\\\/\\\/acebo.io\\\/wp-content\\\/uploads\\\/2021\\\/12\\\/Want_to_learn_about_digital_marketing.jpg\",\"contentUrl\":\"https:\\\/\\\/acebo.io\\\/wp-content\\\/uploads\\\/2021\\\/12\\\/Want_to_learn_about_digital_marketing.jpg\",\"width\":1920,\"height\":631,\"caption\":\"Learn more about digital marketing\"},{\"@type\":\"BreadcrumbList\",\"@id\":\"https:\\\/\\\/acebo.io\\\/es\\\/blog\\\/#breadcrumb\",\"itemListElement\":[{\"@type\":\"ListItem\",\"position\":1,\"name\":\"Home\",\"item\":\"https:\\\/\\\/acebo.io\\\/es\\\/\"},{\"@type\":\"ListItem\",\"position\":2,\"name\":\"Blog\"}]},{\"@type\":\"WebSite\",\"@id\":\"https:\\\/\\\/acebo.io\\\/es\\\/#website\",\"url\":\"https:\\\/\\\/acebo.io\\\/es\\\/\",\"name\":\"Acebo - A Digital Growth Agency\",\"description\":\"Specialized in Strategic B2B Digital Growth &amp; Automation\",\"publisher\":{\"@id\":\"https:\\\/\\\/acebo.io\\\/es\\\/#organization\"},\"potentialAction\":[{\"@type\":\"SearchAction\",\"target\":{\"@type\":\"EntryPoint\",\"urlTemplate\":\"https:\\\/\\\/acebo.io\\\/es\\\/?s={search_term_string}\"},\"query-input\":{\"@type\":\"PropertyValueSpecification\",\"valueRequired\":true,\"valueName\":\"search_term_string\"}}],\"inLanguage\":\"es\"},{\"@type\":\"Organization\",\"@id\":\"https:\\\/\\\/acebo.io\\\/es\\\/#organization\",\"name\":\"Acebo\",\"url\":\"https:\\\/\\\/acebo.io\\\/es\\\/\",\"logo\":{\"@type\":\"ImageObject\",\"inLanguage\":\"es\",\"@id\":\"https:\\\/\\\/acebo.io\\\/es\\\/#\\\/schema\\\/logo\\\/image\\\/\",\"url\":\"https:\\\/\\\/acebo.io\\\/wp-content\\\/uploads\\\/2021\\\/12\\\/Acebo.png\",\"contentUrl\":\"https:\\\/\\\/acebo.io\\\/wp-content\\\/uploads\\\/2021\\\/12\\\/Acebo.png\",\"width\":521,\"height\":521,\"caption\":\"Acebo\"},\"image\":{\"@id\":\"https:\\\/\\\/acebo.io\\\/es\\\/#\\\/schema\\\/logo\\\/image\\\/\"},\"sameAs\":[\"https:\\\/\\\/www.linkedin.com\\\/company\\\/acebo-digital-marketing\"]}]}<\/script>\n<!-- \/ Yoast SEO plugin. -->","yoast_head_json":{"title":"Blog | Acebo - A Digital Growth Agency","description":"Elegir la soluci\u00f3n de marketing digital adecuada para impulsar el crecimiento a veces puede ser desalentador. \u00a1Probablemente encuentres una respuesta en nuestro blog!","robots":{"index":"index","follow":"follow","max-snippet":"max-snippet:-1","max-image-preview":"max-image-preview:large","max-video-preview":"max-video-preview:-1"},"canonical":"https:\/\/acebo.io\/es\/blog\/","og_locale":"es_ES","og_type":"article","og_title":"Blog | Acebo - A Digital Growth Agency","og_description":"Elegir la soluci\u00f3n de marketing digital adecuada para impulsar el crecimiento a veces puede ser desalentador. \u00a1Probablemente encuentres una respuesta en nuestro blog!","og_url":"https:\/\/acebo.io\/es\/blog\/","og_site_name":"Acebo - A Digital Growth Agency","article_modified_time":"2023-01-20T12:48:21+00:00","og_image":[{"width":1920,"height":631,"url":"https:\/\/acebo.io\/wp-content\/uploads\/2021\/12\/Want_to_learn_about_digital_marketing.jpg","type":"image\/jpeg"}],"twitter_card":"summary_large_image","twitter_misc":{"Tiempo de lectura":"2 minutos"},"schema":{"@context":"https:\/\/schema.org","@graph":[{"@type":"WebPage","@id":"https:\/\/acebo.io\/es\/blog\/","url":"https:\/\/acebo.io\/es\/blog\/","name":"Blog | Acebo - A Digital Growth Agency","isPartOf":{"@id":"https:\/\/acebo.io\/es\/#website"},"primaryImageOfPage":{"@id":"https:\/\/acebo.io\/es\/blog\/#primaryimage"},"image":{"@id":"https:\/\/acebo.io\/es\/blog\/#primaryimage"},"thumbnailUrl":"https:\/\/acebo.io\/wp-content\/uploads\/2021\/12\/Want_to_learn_about_digital_marketing.jpg","datePublished":"2022-03-09T17:44:44+00:00","dateModified":"2023-01-20T12:48:21+00:00","description":"Elegir la soluci\u00f3n de marketing digital adecuada para impulsar el crecimiento a veces puede ser desalentador. \u00a1Probablemente encuentres una respuesta en nuestro blog!","breadcrumb":{"@id":"https:\/\/acebo.io\/es\/blog\/#breadcrumb"},"inLanguage":"es","potentialAction":[{"@type":"ReadAction","target":["https:\/\/acebo.io\/es\/blog\/"]}]},{"@type":"ImageObject","inLanguage":"es","@id":"https:\/\/acebo.io\/es\/blog\/#primaryimage","url":"https:\/\/acebo.io\/wp-content\/uploads\/2021\/12\/Want_to_learn_about_digital_marketing.jpg","contentUrl":"https:\/\/acebo.io\/wp-content\/uploads\/2021\/12\/Want_to_learn_about_digital_marketing.jpg","width":1920,"height":631,"caption":"Learn more about digital marketing"},{"@type":"BreadcrumbList","@id":"https:\/\/acebo.io\/es\/blog\/#breadcrumb","itemListElement":[{"@type":"ListItem","position":1,"name":"Home","item":"https:\/\/acebo.io\/es\/"},{"@type":"ListItem","position":2,"name":"Blog"}]},{"@type":"WebSite","@id":"https:\/\/acebo.io\/es\/#website","url":"https:\/\/acebo.io\/es\/","name":"Acebo - A Digital Growth Agency","description":"Specialized in Strategic B2B Digital Growth &amp; Automation","publisher":{"@id":"https:\/\/acebo.io\/es\/#organization"},"potentialAction":[{"@type":"SearchAction","target":{"@type":"EntryPoint","urlTemplate":"https:\/\/acebo.io\/es\/?s={search_term_string}"},"query-input":{"@type":"PropertyValueSpecification","valueRequired":true,"valueName":"search_term_string"}}],"inLanguage":"es"},{"@type":"Organization","@id":"https:\/\/acebo.io\/es\/#organization","name":"Acebo","url":"https:\/\/acebo.io\/es\/","logo":{"@type":"ImageObject","inLanguage":"es","@id":"https:\/\/acebo.io\/es\/#\/schema\/logo\/image\/","url":"https:\/\/acebo.io\/wp-content\/uploads\/2021\/12\/Acebo.png","contentUrl":"https:\/\/acebo.io\/wp-content\/uploads\/2021\/12\/Acebo.png","width":521,"height":521,"caption":"Acebo"},"image":{"@id":"https:\/\/acebo.io\/es\/#\/schema\/logo\/image\/"},"sameAs":["https:\/\/www.linkedin.com\/company\/acebo-digital-marketing"]}]}},"_links":{"self":[{"href":"https:\/\/acebo.io\/es\/wp-json\/wp\/v2\/pages\/243331","targetHints":{"allow":["GET"]}}],"collection":[{"href":"https:\/\/acebo.io\/es\/wp-json\/wp\/v2\/pages"}],"about":[{"href":"https:\/\/acebo.io\/es\/wp-json\/wp\/v2\/types\/page"}],"author":[{"embeddable":true,"href":"https:\/\/acebo.io\/es\/wp-json\/wp\/v2\/users\/1"}],"replies":[{"embeddable":true,"href":"https:\/\/acebo.io\/es\/wp-json\/wp\/v2\/comments?post=243331"}],"version-history":[{"count":63,"href":"https:\/\/acebo.io\/es\/wp-json\/wp\/v2\/pages\/243331\/revisions"}],"predecessor-version":[{"id":248636,"href":"https:\/\/acebo.io\/es\/wp-json\/wp\/v2\/pages\/243331\/revisions\/248636"}],"wp:featuredmedia":[{"embeddable":true,"href":"https:\/\/acebo.io\/es\/wp-json\/wp\/v2\/media\/238451"}],"wp:attachment":[{"href":"https:\/\/acebo.io\/es\/wp-json\/wp\/v2\/media?parent=243331"}],"curies":[{"name":"wp","href":"https:\/\/api.w.org\/{rel}","templated":true}]}}