{"id":243484,"date":"2022-03-21T10:59:06","date_gmt":"2022-03-21T10:59:06","guid":{"rendered":"https:\/\/acebo.io\/?page_id=243484"},"modified":"2022-03-29T07:00:06","modified_gmt":"2022-03-29T07:00:06","slug":"presentacion-comercial-b2c","status":"publish","type":"page","link":"https:\/\/acebo.io\/es\/presentacion-comercial-b2c\/","title":{"rendered":"Presentaci\u00f3n comercial B2C"},"content":{"rendered":"<p>[et_pb_section fb_built=\u00bb1&#8243; _builder_version=\u00bb4.15.0&#8243; _module_preset=\u00bbdefault\u00bb global_colors_info=\u00bb{}\u00bb][et_pb_row _builder_version=\u00bb4.15.0&#8243; _module_preset=\u00bbdefault\u00bb global_colors_info=\u00bb{}\u00bb][et_pb_column type=\u00bb4_4&#8243; _builder_version=\u00bb4.15.0&#8243; _module_preset=\u00bbdefault\u00bb global_colors_info=\u00bb{}\u00bb][et_pb_divider show_divider=\u00bboff\u00bb _builder_version=\u00bb4.15.0&#8243; _module_preset=\u00bbdefault\u00bb custom_margin=\u00bb||5%||false|false\u00bb global_colors_info=\u00bb{}\u00bb][\/et_pb_divider][et_pb_text _builder_version=\u00bb4.15.0&#8243; _module_preset=\u00bbdefault\u00bb header_font=\u00bb|700|||||||\u00bb header_text_align=\u00bbcenter\u00bb header_text_color=\u00bb#000000&#8243; header_font_size=\u00bb80px\u00bb custom_margin=\u00bb||||false|false\u00bb custom_padding=\u00bb||5%||false|false\u00bb global_colors_info=\u00bb{}\u00bb]<\/p>\n<h1>Soporte <span style=\"color: #c0212f;\">Digital<\/span> para lo que se ha hecho siempre<\/h1>\n<p>[\/et_pb_text][et_pb_text _builder_version=\u00bb4.15.0&#8243; _module_preset=\u00bbdefault\u00bb header_4_text_color=\u00bb#000000&#8243; header_6_font=\u00bb|700|||||||\u00bb header_6_text_align=\u00bbright\u00bb header_6_text_color=\u00bb#C0212F\u00bb text_orientation=\u00bbcenter\u00bb global_colors_info=\u00bb{}\u00bb]<\/p>\n<h4>\u00abConsigue tener muy cerca a tus clientes. Tan cerca que les tengas que decir lo que necesitan antes de que se den cuenta por s\u00ed mismos\u00bb<\/h4>\n<h6>-Steve Jobs<\/h6>\n<p>[\/et_pb_text][\/et_pb_column][\/et_pb_row][\/et_pb_section][et_pb_section fb_built=\u00bb1&#8243; prev_background_color=\u00bb#ffffff\u00bb disabled_on=\u00bbon|off|off\u00bb _builder_version=\u00bb4.15.0&#8243; _module_preset=\u00bbdefault\u00bb background_image=\u00bbhttps:\/\/acebo.io\/wp-content\/uploads\/2021\/12\/Want_to_learn_about_digital_marketing.jpg\u00bb parallax=\u00bbon\u00bb height=\u00bb286px\u00bb top_divider_style=\u00bbslant2&#8243; bottom_divider_style=\u00bbslant2&#8243; bottom_divider_color=\u00bb#000000&#8243; global_colors_info=\u00bb{}\u00bb][et_pb_row _builder_version=\u00bb4.15.0&#8243; _module_preset=\u00bbdefault\u00bb global_colors_info=\u00bb{}\u00bb][et_pb_column type=\u00bb4_4&#8243; _builder_version=\u00bb4.15.0&#8243; _module_preset=\u00bbdefault\u00bb global_colors_info=\u00bb{}\u00bb][\/et_pb_column][\/et_pb_row][\/et_pb_section][et_pb_section fb_built=\u00bb1&#8243; disabled_on=\u00bboff|on|on\u00bb _builder_version=\u00bb4.15.0&#8243; _module_preset=\u00bbdefault\u00bb background_image=\u00bbhttps:\/\/acebo.io\/wp-content\/uploads\/2021\/12\/Want_to_learn_about_digital_marketing.jpg\u00bb min_height=\u00bb100px\u00bb height=\u00bb210px\u00bb top_divider_style=\u00bbslant2&#8243; top_divider_color=\u00bb#FFFFFF\u00bb bottom_divider_style=\u00bbslant2&#8243; bottom_divider_color=\u00bb#000000&#8243; global_colors_info=\u00bb{}\u00bb][et_pb_row _builder_version=\u00bb4.15.0&#8243; _module_preset=\u00bbdefault\u00bb global_colors_info=\u00bb{}\u00bb][et_pb_column type=\u00bb4_4&#8243; _builder_version=\u00bb4.15.0&#8243; _module_preset=\u00bbdefault\u00bb global_colors_info=\u00bb{}\u00bb][\/et_pb_column][\/et_pb_row][\/et_pb_section][et_pb_section fb_built=\u00bb1&#8243; disabled_on=\u00bbon|off|off\u00bb _builder_version=\u00bb4.15.0&#8243; _module_preset=\u00bbdefault\u00bb background_color=\u00bb#000000&#8243; height=\u00bb516px\u00bb global_colors_info=\u00bb{}\u00bb][et_pb_row column_structure=\u00bb1_2,1_2&#8243; _builder_version=\u00bb4.15.0&#8243; _module_preset=\u00bbdefault\u00bb global_colors_info=\u00bb{}\u00bb][et_pb_column type=\u00bb1_2&#8243; _builder_version=\u00bb4.15.0&#8243; _module_preset=\u00bbdefault\u00bb global_colors_info=\u00bb{}\u00bb][et_pb_image src=\u00bbhttps:\/\/acebo.io\/wp-content\/uploads\/2022\/03\/Alvarez_Gonzalezadfzf.png\u00bb title_text=\u00bbAlvarez_Gonzalezadfzf\u00bb _builder_version=\u00bb4.15.0&#8243; _module_preset=\u00bbdefault\u00bb global_colors_info=\u00bb{}\u00bb][\/et_pb_image][\/et_pb_column][et_pb_column type=\u00bb1_2&#8243; _builder_version=\u00bb4.15.0&#8243; _module_preset=\u00bbdefault\u00bb global_colors_info=\u00bb{}\u00bb][et_pb_divider show_divider=\u00bboff\u00bb _builder_version=\u00bb4.15.0&#8243; _module_preset=\u00bbdefault\u00bb custom_padding=\u00bb||7%||false|false\u00bb global_colors_info=\u00bb{}\u00bb][\/et_pb_divider][et_pb_text _builder_version=\u00bb4.15.0&#8243; _module_preset=\u00bbdefault\u00bb text_text_color=\u00bb#FFFFFF\u00bb header_3_text_color=\u00bb#FFFFFF\u00bb header_4_text_color=\u00bb#C0212F\u00bb header_4_font_size=\u00bb25px\u00bb global_colors_info=\u00bb{}\u00bb]<\/p>\n<h3>\u00c1lvaro Gonz\u00e1lez<\/h3>\n<p>Soy una persona con amplia experiencia en el sector de ventas en mercados tradicionales , buscamos hacer ver al cliente, de una manera l\u00f3gica, los beneficios de este sector para su empresa, el marketing digital no es el futuro, es el presente.<\/p>\n<p>Complementamos la venta tradicional y estrategia de ventas personalizada.<\/p>\n<p>&nbsp;<\/p>\n<h4><strong>Antic\u00edpate a tu competencia.<\/strong><\/h4>\n<p>[\/et_pb_text][\/et_pb_column][\/et_pb_row][\/et_pb_section][et_pb_section fb_built=\u00bb1&#8243; disabled_on=\u00bboff|off|on\u00bb _builder_version=\u00bb4.15.0&#8243; _module_preset=\u00bbdefault\u00bb background_color=\u00bb#000000&#8243; custom_margin=\u00bb||0px||false|false\u00bb custom_padding=\u00bb||0px||false|false\u00bb global_colors_info=\u00bb{}\u00bb][et_pb_row _builder_version=\u00bb4.15.0&#8243; _module_preset=\u00bbdefault\u00bb global_colors_info=\u00bb{}\u00bb][et_pb_column type=\u00bb4_4&#8243; _builder_version=\u00bb4.15.0&#8243; _module_preset=\u00bbdefault\u00bb global_colors_info=\u00bb{}\u00bb][et_pb_image src=\u00bbhttps:\/\/acebo.io\/wp-content\/uploads\/2022\/03\/Alvarez_Gonzalezadfzf.png\u00bb title_text=\u00bbAlvarez_Gonzalezadfzf\u00bb align=\u00bbcenter\u00bb _builder_version=\u00bb4.15.0&#8243; _module_preset=\u00bbdefault\u00bb transform_scale=\u00bb85%|85%\u00bb global_colors_info=\u00bb{}\u00bb][\/et_pb_image][et_pb_text _builder_version=\u00bb4.15.0&#8243; _module_preset=\u00bbdefault\u00bb text_text_color=\u00bb#FFFFFF\u00bb header_3_font=\u00bb|700|||||||\u00bb header_3_text_align=\u00bbcenter\u00bb header_3_text_color=\u00bb#FFFFFF\u00bb header_4_text_align=\u00bbcenter\u00bb header_4_text_color=\u00bb#C0212F\u00bb header_4_font_size=\u00bb25px\u00bb text_orientation=\u00bbcenter\u00bb global_colors_info=\u00bb{}\u00bb]<\/p>\n<h3>\u00c1lvaro Gonz\u00e1lez<\/h3>\n<p>Soy una persona con amplia experiencia en el sector de ventas en mercados tradicionales , buscamos hacer ver al cliente, de una manera l\u00f3gica, los beneficios de este sector para su empresa, el marketing digital no es el futuro, es el presente.<\/p>\n<p>Complementamos la venta tradicional y estrategia de ventas personalizada.<\/p>\n<p>&nbsp;<\/p>\n<h4><strong>Antic\u00edpate a tu competencia.<\/strong><\/h4>\n<div>\n<pre><\/pre>\n<\/div>\n<p>[\/et_pb_text][\/et_pb_column][\/et_pb_row][\/et_pb_section][et_pb_section fb_built=\u00bb1&#8243; _builder_version=\u00bb4.15.0&#8243; _module_preset=\u00bbdefault\u00bb global_colors_info=\u00bb{}\u00bb][et_pb_row _builder_version=\u00bb4.15.0&#8243; _module_preset=\u00bbdefault\u00bb global_colors_info=\u00bb{}\u00bb][et_pb_column type=\u00bb4_4&#8243; _builder_version=\u00bb4.15.0&#8243; _module_preset=\u00bbdefault\u00bb global_colors_info=\u00bb{}\u00bb][et_pb_text _builder_version=\u00bb4.15.0&#8243; _module_preset=\u00bbdefault\u00bb text_orientation=\u00bbcenter\u00bb global_colors_info=\u00bb{}\u00bb]<\/p>\n<p>Si has llegado hasta aqu\u00ed es porque has escaneado mi tarjeta o te he enviado la informaci\u00f3n directamente. Sea como sea, puedes acceder a la presentaci\u00f3n rellenando el siguiente formulario. Estamos en contacto.<\/p>\n<p>[\/et_pb_text][\/et_pb_column][\/et_pb_row][et_pb_row column_structure=\u00bb2_5,3_5&#8243; disabled_on=\u00bbon|on|off\u00bb _builder_version=\u00bb4.15.0&#8243; _module_preset=\u00bbdefault\u00bb max_width=\u00bb90%\u00bb global_colors_info=\u00bb{}\u00bb][et_pb_column type=\u00bb2_5&#8243; _builder_version=\u00bb4.15.0&#8243; _module_preset=\u00bbdefault\u00bb global_colors_info=\u00bb{}\u00bb][et_pb_divider show_divider=\u00bboff\u00bb _builder_version=\u00bb4.15.0&#8243; _module_preset=\u00bbdefault\u00bb custom_padding=\u00bb||10%||false|false\u00bb global_colors_info=\u00bb{}\u00bb][\/et_pb_divider][et_pb_image src=\u00bbhttps:\/\/acebo.io\/wp-content\/uploads\/2022\/03\/Presentacion-comercial.jpg\u00bb title_text=\u00bbPresentacion comercial\u00bb _builder_version=\u00bb4.15.0&#8243; _module_preset=\u00bbdefault\u00bb width=\u00bb80%\u00bb max_width=\u00bb80%\u00bb module_alignment=\u00bbcenter\u00bb box_shadow_style=\u00bbpreset1&#8243; global_colors_info=\u00bb{}\u00bb][\/et_pb_image][\/et_pb_column][et_pb_column type=\u00bb3_5&#8243; _builder_version=\u00bb4.15.0&#8243; _module_preset=\u00bbdefault\u00bb global_colors_info=\u00bb{}\u00bb][et_pb_text _builder_version=\u00bb4.15.0&#8243; _module_preset=\u00bbdefault\u00bb global_colors_info=\u00bb{}\u00bb]<\/p>\n<h3>Presentaci\u00f3n de Servicios<\/h3>\n<p>[\/et_pb_text][et_pb_text _builder_version=\u00bb4.15.0&#8243; _module_preset=\u00bbdefault\u00bb max_width=\u00bb600px\u00bb global_colors_info=\u00bb{}\u00bb]<\/p>\n<div class='_form_125'><\/div><script type='text\/javascript' src='https:\/\/acebo.activehosted.com\/f\/embed.php?static=0&id=125&69F719B273E41&nostyles=0&preview=0'><\/script>\n<p>[\/et_pb_text][\/et_pb_column][\/et_pb_row][et_pb_row disabled_on=\u00bboff|off|on\u00bb _builder_version=\u00bb4.15.0&#8243; _module_preset=\u00bbdefault\u00bb global_colors_info=\u00bb{}\u00bb][et_pb_column type=\u00bb4_4&#8243; _builder_version=\u00bb4.15.0&#8243; _module_preset=\u00bbdefault\u00bb global_colors_info=\u00bb{}\u00bb][et_pb_image src=\u00bbhttps:\/\/acebo.io\/wp-content\/uploads\/2022\/03\/Presentacion-comercial.jpg\u00bb title_text=\u00bbPresentacion comercial\u00bb _builder_version=\u00bb4.15.0&#8243; _module_preset=\u00bbdefault\u00bb box_shadow_style=\u00bbpreset1&#8243; global_colors_info=\u00bb{}\u00bb][\/et_pb_image][et_pb_text _builder_version=\u00bb4.15.0&#8243; _module_preset=\u00bbdefault\u00bb header_3_text_align=\u00bbcenter\u00bb global_colors_info=\u00bb{}\u00bb]<\/p>\n<h3>Presentaci\u00f3n de Servicios<\/h3>\n<p>[\/et_pb_text][et_pb_text _builder_version=\u00bb4.15.0&#8243; _module_preset=\u00bbdefault\u00bb global_colors_info=\u00bb{}\u00bb]<\/p>\n<div class='_form_127'><\/div><script type='text\/javascript' src='https:\/\/acebo.activehosted.com\/f\/embed.php?static=0&id=127&69F719B273F1A&nostyles=0&preview=0'><\/script>\n<p>[\/et_pb_text][\/et_pb_column][\/et_pb_row][\/et_pb_section]<\/p>\n","protected":false},"excerpt":{"rendered":"<p>Soporte Digital para lo que se ha hecho siempre\u00bbConsigue tener muy cerca a tus clientes. Tan cerca que les tengas que decir lo que necesitan antes de que se den cuenta por s\u00ed mismos\u00bb -Steve Jobs\u00c1lvaro Gonz\u00e1lez Soy una persona con amplia experiencia en el sector de ventas en mercados tradicionales , buscamos hacer ver al cliente, de una manera l\u00f3gica, los beneficios de este sector para su empresa, el marketing digital no es el futuro, es el presente. Complementamos la venta tradicional y estrategia de ventas personalizada. &nbsp; Antic\u00edpate a tu competencia.\u00c1lvaro Gonz\u00e1lez Soy una persona con amplia experiencia en el sector de ventas en mercados tradicionales , buscamos hacer ver al cliente, de una manera l\u00f3gica, los beneficios de este sector para su empresa, el marketing digital no es el futuro, es el presente. Complementamos la venta tradicional y estrategia de ventas personalizada. &nbsp; Antic\u00edpate a tu competencia. Si has llegado hasta aqu\u00ed es porque has escaneado mi tarjeta o te he enviado la informaci\u00f3n directamente. Sea como sea, puedes acceder a la presentaci\u00f3n rellenando el siguiente formulario. Estamos en contacto.Presentaci\u00f3n de Servicios<div class='_form_125'><\/div><script type='text\/javascript' src='https:\/\/acebo.activehosted.com\/f\/embed.php?static=0&id=125&69F719B2E8A88&nostyles=0&preview=0'><\/script>Presentaci\u00f3n de Servicios<div class='_form_127'><\/div><script type='text\/javascript' src='https:\/\/acebo.activehosted.com\/f\/embed.php?static=0&id=127&69F719B2E8B4B&nostyles=0&preview=0'><\/script><\/p>\n","protected":false},"author":1,"featured_media":0,"parent":0,"menu_order":0,"comment_status":"closed","ping_status":"closed","template":"","meta":{"_et_pb_use_builder":"on","_et_pb_old_content":"","_et_gb_content_width":"","footnotes":""},"class_list":["post-243484","page","type-page","status-publish","hentry"],"yoast_head":"<!-- This site is optimized with the Yoast SEO plugin v27.5 - https:\/\/yoast.com\/product\/yoast-seo-wordpress\/ -->\n<title>Presentaci\u00f3n comercial B2C | Acebo - A Digital Growth Agency<\/title>\n<meta name=\"robots\" content=\"index, follow, max-snippet:-1, max-image-preview:large, max-video-preview:-1\" \/>\n<link rel=\"canonical\" href=\"https:\/\/acebo.io\/es\/presentacion-comercial-b2c\/\" \/>\n<meta property=\"og:locale\" content=\"es_ES\" \/>\n<meta property=\"og:type\" content=\"article\" \/>\n<meta property=\"og:title\" content=\"Presentaci\u00f3n comercial B2C | Acebo - A Digital Growth Agency\" \/>\n<meta property=\"og:description\" content=\"Soporte Digital para lo que se ha hecho siempre&quot;Consigue tener muy cerca a tus clientes. Tan cerca que les tengas que decir lo que necesitan antes de que se den cuenta por s\u00ed mismos&quot; -Steve Jobs\u00c1lvaro Gonz\u00e1lez Soy una persona con amplia experiencia en el sector de ventas en mercados tradicionales , buscamos hacer ver al cliente, de una manera l\u00f3gica, los beneficios de este sector para su empresa, el marketing digital no es el futuro, es el presente. Complementamos la venta tradicional y estrategia de ventas personalizada. &nbsp; Antic\u00edpate a tu competencia.\u00c1lvaro Gonz\u00e1lez Soy una persona con amplia experiencia en el sector de ventas en mercados tradicionales , buscamos hacer ver al cliente, de una manera l\u00f3gica, los beneficios de este sector para su empresa, el marketing digital no es el futuro, es el presente. Complementamos la venta tradicional y estrategia de ventas personalizada. &nbsp; Antic\u00edpate a tu competencia. Si has llegado hasta aqu\u00ed es porque has escaneado mi tarjeta o te he enviado la informaci\u00f3n directamente. Sea como sea, puedes acceder a la presentaci\u00f3n rellenando el siguiente formulario. Estamos en contacto.Presentaci\u00f3n de ServiciosPresentaci\u00f3n de Servicios\" \/>\n<meta property=\"og:url\" content=\"https:\/\/acebo.io\/es\/presentacion-comercial-b2c\/\" \/>\n<meta property=\"og:site_name\" content=\"Acebo - A Digital Growth Agency\" \/>\n<meta property=\"article:modified_time\" content=\"2022-03-29T07:00:06+00:00\" \/>\n<meta name=\"twitter:card\" content=\"summary_large_image\" \/>\n<script type=\"application\/ld+json\" class=\"yoast-schema-graph\">{\"@context\":\"https:\\\/\\\/schema.org\",\"@graph\":[{\"@type\":\"WebPage\",\"@id\":\"https:\\\/\\\/acebo.io\\\/es\\\/presentacion-comercial-b2c\\\/\",\"url\":\"https:\\\/\\\/acebo.io\\\/es\\\/presentacion-comercial-b2c\\\/\",\"name\":\"Presentaci\u00f3n comercial B2C | Acebo - A Digital Growth Agency\",\"isPartOf\":{\"@id\":\"https:\\\/\\\/acebo.io\\\/es\\\/#website\"},\"datePublished\":\"2022-03-21T10:59:06+00:00\",\"dateModified\":\"2022-03-29T07:00:06+00:00\",\"breadcrumb\":{\"@id\":\"https:\\\/\\\/acebo.io\\\/es\\\/presentacion-comercial-b2c\\\/#breadcrumb\"},\"inLanguage\":\"es\",\"potentialAction\":[{\"@type\":\"ReadAction\",\"target\":[\"https:\\\/\\\/acebo.io\\\/es\\\/presentacion-comercial-b2c\\\/\"]}]},{\"@type\":\"BreadcrumbList\",\"@id\":\"https:\\\/\\\/acebo.io\\\/es\\\/presentacion-comercial-b2c\\\/#breadcrumb\",\"itemListElement\":[{\"@type\":\"ListItem\",\"position\":1,\"name\":\"Home\",\"item\":\"https:\\\/\\\/acebo.io\\\/es\\\/\"},{\"@type\":\"ListItem\",\"position\":2,\"name\":\"Presentaci\u00f3n comercial B2C\"}]},{\"@type\":\"WebSite\",\"@id\":\"https:\\\/\\\/acebo.io\\\/es\\\/#website\",\"url\":\"https:\\\/\\\/acebo.io\\\/es\\\/\",\"name\":\"Acebo - A Digital Growth Agency\",\"description\":\"Specialized in Strategic B2B Digital Growth &amp; Automation\",\"publisher\":{\"@id\":\"https:\\\/\\\/acebo.io\\\/es\\\/#organization\"},\"potentialAction\":[{\"@type\":\"SearchAction\",\"target\":{\"@type\":\"EntryPoint\",\"urlTemplate\":\"https:\\\/\\\/acebo.io\\\/es\\\/?s={search_term_string}\"},\"query-input\":{\"@type\":\"PropertyValueSpecification\",\"valueRequired\":true,\"valueName\":\"search_term_string\"}}],\"inLanguage\":\"es\"},{\"@type\":\"Organization\",\"@id\":\"https:\\\/\\\/acebo.io\\\/es\\\/#organization\",\"name\":\"Acebo\",\"url\":\"https:\\\/\\\/acebo.io\\\/es\\\/\",\"logo\":{\"@type\":\"ImageObject\",\"inLanguage\":\"es\",\"@id\":\"https:\\\/\\\/acebo.io\\\/es\\\/#\\\/schema\\\/logo\\\/image\\\/\",\"url\":\"https:\\\/\\\/acebo.io\\\/wp-content\\\/uploads\\\/2021\\\/12\\\/Acebo.png\",\"contentUrl\":\"https:\\\/\\\/acebo.io\\\/wp-content\\\/uploads\\\/2021\\\/12\\\/Acebo.png\",\"width\":521,\"height\":521,\"caption\":\"Acebo\"},\"image\":{\"@id\":\"https:\\\/\\\/acebo.io\\\/es\\\/#\\\/schema\\\/logo\\\/image\\\/\"},\"sameAs\":[\"https:\\\/\\\/www.linkedin.com\\\/company\\\/acebo-digital-marketing\"]}]}<\/script>\n<!-- \/ Yoast SEO plugin. -->","yoast_head_json":{"title":"Presentaci\u00f3n comercial B2C | Acebo - A Digital Growth Agency","robots":{"index":"index","follow":"follow","max-snippet":"max-snippet:-1","max-image-preview":"max-image-preview:large","max-video-preview":"max-video-preview:-1"},"canonical":"https:\/\/acebo.io\/es\/presentacion-comercial-b2c\/","og_locale":"es_ES","og_type":"article","og_title":"Presentaci\u00f3n comercial B2C | Acebo - A Digital Growth Agency","og_description":"Soporte Digital para lo que se ha hecho siempre\"Consigue tener muy cerca a tus clientes. Tan cerca que les tengas que decir lo que necesitan antes de que se den cuenta por s\u00ed mismos\" -Steve Jobs\u00c1lvaro Gonz\u00e1lez Soy una persona con amplia experiencia en el sector de ventas en mercados tradicionales , buscamos hacer ver al cliente, de una manera l\u00f3gica, los beneficios de este sector para su empresa, el marketing digital no es el futuro, es el presente. Complementamos la venta tradicional y estrategia de ventas personalizada. &nbsp; Antic\u00edpate a tu competencia.\u00c1lvaro Gonz\u00e1lez Soy una persona con amplia experiencia en el sector de ventas en mercados tradicionales , buscamos hacer ver al cliente, de una manera l\u00f3gica, los beneficios de este sector para su empresa, el marketing digital no es el futuro, es el presente. Complementamos la venta tradicional y estrategia de ventas personalizada. &nbsp; Antic\u00edpate a tu competencia. Si has llegado hasta aqu\u00ed es porque has escaneado mi tarjeta o te he enviado la informaci\u00f3n directamente. Sea como sea, puedes acceder a la presentaci\u00f3n rellenando el siguiente formulario. Estamos en contacto.Presentaci\u00f3n de ServiciosPresentaci\u00f3n de Servicios","og_url":"https:\/\/acebo.io\/es\/presentacion-comercial-b2c\/","og_site_name":"Acebo - A Digital Growth Agency","article_modified_time":"2022-03-29T07:00:06+00:00","twitter_card":"summary_large_image","schema":{"@context":"https:\/\/schema.org","@graph":[{"@type":"WebPage","@id":"https:\/\/acebo.io\/es\/presentacion-comercial-b2c\/","url":"https:\/\/acebo.io\/es\/presentacion-comercial-b2c\/","name":"Presentaci\u00f3n comercial B2C | Acebo - A Digital Growth Agency","isPartOf":{"@id":"https:\/\/acebo.io\/es\/#website"},"datePublished":"2022-03-21T10:59:06+00:00","dateModified":"2022-03-29T07:00:06+00:00","breadcrumb":{"@id":"https:\/\/acebo.io\/es\/presentacion-comercial-b2c\/#breadcrumb"},"inLanguage":"es","potentialAction":[{"@type":"ReadAction","target":["https:\/\/acebo.io\/es\/presentacion-comercial-b2c\/"]}]},{"@type":"BreadcrumbList","@id":"https:\/\/acebo.io\/es\/presentacion-comercial-b2c\/#breadcrumb","itemListElement":[{"@type":"ListItem","position":1,"name":"Home","item":"https:\/\/acebo.io\/es\/"},{"@type":"ListItem","position":2,"name":"Presentaci\u00f3n comercial B2C"}]},{"@type":"WebSite","@id":"https:\/\/acebo.io\/es\/#website","url":"https:\/\/acebo.io\/es\/","name":"Acebo - A Digital Growth Agency","description":"Specialized in Strategic B2B Digital Growth &amp; Automation","publisher":{"@id":"https:\/\/acebo.io\/es\/#organization"},"potentialAction":[{"@type":"SearchAction","target":{"@type":"EntryPoint","urlTemplate":"https:\/\/acebo.io\/es\/?s={search_term_string}"},"query-input":{"@type":"PropertyValueSpecification","valueRequired":true,"valueName":"search_term_string"}}],"inLanguage":"es"},{"@type":"Organization","@id":"https:\/\/acebo.io\/es\/#organization","name":"Acebo","url":"https:\/\/acebo.io\/es\/","logo":{"@type":"ImageObject","inLanguage":"es","@id":"https:\/\/acebo.io\/es\/#\/schema\/logo\/image\/","url":"https:\/\/acebo.io\/wp-content\/uploads\/2021\/12\/Acebo.png","contentUrl":"https:\/\/acebo.io\/wp-content\/uploads\/2021\/12\/Acebo.png","width":521,"height":521,"caption":"Acebo"},"image":{"@id":"https:\/\/acebo.io\/es\/#\/schema\/logo\/image\/"},"sameAs":["https:\/\/www.linkedin.com\/company\/acebo-digital-marketing"]}]}},"_links":{"self":[{"href":"https:\/\/acebo.io\/es\/wp-json\/wp\/v2\/pages\/243484","targetHints":{"allow":["GET"]}}],"collection":[{"href":"https:\/\/acebo.io\/es\/wp-json\/wp\/v2\/pages"}],"about":[{"href":"https:\/\/acebo.io\/es\/wp-json\/wp\/v2\/types\/page"}],"author":[{"embeddable":true,"href":"https:\/\/acebo.io\/es\/wp-json\/wp\/v2\/users\/1"}],"replies":[{"embeddable":true,"href":"https:\/\/acebo.io\/es\/wp-json\/wp\/v2\/comments?post=243484"}],"version-history":[{"count":9,"href":"https:\/\/acebo.io\/es\/wp-json\/wp\/v2\/pages\/243484\/revisions"}],"predecessor-version":[{"id":243590,"href":"https:\/\/acebo.io\/es\/wp-json\/wp\/v2\/pages\/243484\/revisions\/243590"}],"wp:attachment":[{"href":"https:\/\/acebo.io\/es\/wp-json\/wp\/v2\/media?parent=243484"}],"curies":[{"name":"wp","href":"https:\/\/api.w.org\/{rel}","templated":true}]}}