{"id":245649,"date":"2022-08-29T16:26:07","date_gmt":"2022-08-29T16:26:07","guid":{"rendered":"https:\/\/acebo.io\/?page_id=245649"},"modified":"2022-11-18T12:44:45","modified_gmt":"2022-11-18T12:44:45","slug":"soporte-digital-beneficios-de-la-digitalizacion","status":"publish","type":"page","link":"https:\/\/acebo.io\/es\/soporte-digital-beneficios-de-la-digitalizacion\/","title":{"rendered":"Soporte digital &#8211; Beneficios de la digitalizaci\u00f3n"},"content":{"rendered":"<p>[et_pb_section fb_built=\u00bb1&#8243; _builder_version=\u00bb4.16&#8243; _module_preset=\u00bbdefault\u00bb global_colors_info=\u00bb{}\u00bb][et_pb_row _builder_version=\u00bb4.16&#8243; _module_preset=\u00bbdefault\u00bb global_colors_info=\u00bb{}\u00bb][et_pb_column type=\u00bb4_4&#8243; _builder_version=\u00bb4.16&#8243; _module_preset=\u00bbdefault\u00bb global_colors_info=\u00bb{}\u00bb][et_pb_divider show_divider=\u00bboff\u00bb _builder_version=\u00bb4.16&#8243; _module_preset=\u00bbdefault\u00bb custom_margin=\u00bb||5%||false|false\u00bb global_colors_info=\u00bb{}\u00bb][\/et_pb_divider][et_pb_text _builder_version=\u00bb4.16&#8243; _module_preset=\u00bbdefault\u00bb header_font=\u00bb|700|||||||\u00bb header_text_align=\u00bbcenter\u00bb header_text_color=\u00bb#000000&#8243; header_font_size=\u00bb80px\u00bb custom_margin=\u00bb||||false|false\u00bb custom_padding=\u00bb||5%||false|false\u00bb global_colors_info=\u00bb{}\u00bb]<\/p>\n<h1>Soporte <span style=\"color: #c0212f;\">Digital<\/span> para lo que se ha hecho siempre<\/h1>\n<p>[\/et_pb_text][et_pb_text _builder_version=\u00bb4.18.0&#8243; _module_preset=\u00bbdefault\u00bb header_4_text_color=\u00bb#000000&#8243; header_6_font=\u00bb|700|||||||\u00bb header_6_text_align=\u00bbright\u00bb header_6_text_color=\u00bb#C0212F\u00bb text_orientation=\u00bbcenter\u00bb global_colors_info=\u00bb{}\u00bb]<\/p>\n<h4>\u00abA nosotros ya nos conoce todo el mundo\u00bb, \u00abAs\u00ed es como se ha hecho toda la vida\u00bb, \u00abInternet es el futuro (dicho en 2022)\u00bb<\/h4>\n<h6>-Frases c\u00e9lebres empresariales espa\u00f1olas<\/h6>\n<p>[\/et_pb_text][\/et_pb_column][\/et_pb_row][\/et_pb_section][et_pb_section fb_built=\u00bb1&#8243; prev_background_color=\u00bb#ffffff\u00bb disabled_on=\u00bbon|off|off\u00bb _builder_version=\u00bb4.16&#8243; _module_preset=\u00bbdefault\u00bb background_image=\u00bbhttps:\/\/acebo.io\/wp-content\/uploads\/2021\/12\/Want_to_learn_about_digital_marketing.jpg\u00bb parallax=\u00bbon\u00bb height=\u00bb286px\u00bb top_divider_style=\u00bbslant2&#8243; bottom_divider_style=\u00bbslant2&#8243; bottom_divider_color=\u00bb#000000&#8243; global_colors_info=\u00bb{}\u00bb][et_pb_row _builder_version=\u00bb4.16&#8243; _module_preset=\u00bbdefault\u00bb global_colors_info=\u00bb{}\u00bb][et_pb_column type=\u00bb4_4&#8243; _builder_version=\u00bb4.16&#8243; _module_preset=\u00bbdefault\u00bb global_colors_info=\u00bb{}\u00bb][\/et_pb_column][\/et_pb_row][\/et_pb_section][et_pb_section fb_built=\u00bb1&#8243; disabled_on=\u00bboff|on|on\u00bb _builder_version=\u00bb4.16&#8243; _module_preset=\u00bbdefault\u00bb background_image=\u00bbhttps:\/\/acebo.io\/wp-content\/uploads\/2021\/12\/Want_to_learn_about_digital_marketing.jpg\u00bb min_height=\u00bb100px\u00bb height=\u00bb210px\u00bb top_divider_style=\u00bbslant2&#8243; top_divider_color=\u00bb#FFFFFF\u00bb bottom_divider_style=\u00bbslant2&#8243; bottom_divider_color=\u00bb#000000&#8243; global_colors_info=\u00bb{}\u00bb][et_pb_row _builder_version=\u00bb4.16&#8243; _module_preset=\u00bbdefault\u00bb global_colors_info=\u00bb{}\u00bb][et_pb_column type=\u00bb4_4&#8243; _builder_version=\u00bb4.16&#8243; _module_preset=\u00bbdefault\u00bb global_colors_info=\u00bb{}\u00bb][\/et_pb_column][\/et_pb_row][\/et_pb_section][et_pb_section fb_built=\u00bb1&#8243; disabled_on=\u00bbon|off|off\u00bb _builder_version=\u00bb4.16&#8243; _module_preset=\u00bbdefault\u00bb background_color=\u00bb#000000&#8243; height=\u00bb516px\u00bb custom_padding=\u00bb0px|||||\u00bb global_colors_info=\u00bb{}\u00bb][et_pb_row column_structure=\u00bb2_5,3_5&#8243; _builder_version=\u00bb4.16&#8243; _module_preset=\u00bbdefault\u00bb global_colors_info=\u00bb{}\u00bb][et_pb_column type=\u00bb2_5&#8243; _builder_version=\u00bb4.16&#8243; _module_preset=\u00bbdefault\u00bb global_colors_info=\u00bb{}\u00bb][et_pb_divider show_divider=\u00bboff\u00bb _builder_version=\u00bb4.16&#8243; _module_preset=\u00bbdefault\u00bb custom_padding=\u00bb||7%||false|false\u00bb global_colors_info=\u00bb{}\u00bb][\/et_pb_divider][et_pb_image src=\u00bbhttps:\/\/acebo.io\/wp-content\/uploads\/2021\/12\/DATA-CONTENT-1-e1643118679630.png\u00bb alt=\u00bbThe fuel of digital growth &#038; transformation\u00bb title_text=\u00bbData &#038; content\u00bb _builder_version=\u00bb4.19.0&#8243; _module_preset=\u00bbdefault\u00bb transform_scale=\u00bb150%|150%\u00bb transform_translate=\u00bb-35px|35px\u00bb transform_translate_linked=\u00bboff\u00bb global_colors_info=\u00bb{}\u00bb][\/et_pb_image][\/et_pb_column][et_pb_column type=\u00bb3_5&#8243; _builder_version=\u00bb4.16&#8243; _module_preset=\u00bbdefault\u00bb global_colors_info=\u00bb{}\u00bb][et_pb_divider show_divider=\u00bboff\u00bb _builder_version=\u00bb4.16&#8243; _module_preset=\u00bbdefault\u00bb custom_padding=\u00bb||7%||false|false\u00bb global_colors_info=\u00bb{}\u00bb][\/et_pb_divider][et_pb_text _builder_version=\u00bb4.19.1&#8243; _module_preset=\u00bbdefault\u00bb text_text_color=\u00bb#FFFFFF\u00bb header_3_text_color=\u00bb#FFFFFF\u00bb header_4_text_color=\u00bb#C0212F\u00bb header_4_font_size=\u00bb25px\u00bb hover_enabled=\u00bb0&#8243; global_colors_info=\u00bb{}\u00bb sticky_enabled=\u00bb0&#8243;]<\/p>\n<h3>Soporte digital = Crecimiento<\/h3>\n<p>Muchos son los logros que han llevado a tu empresa hasta el punto en el que se encuentra ahora, por lo que puedes pensar que no necesitas soporte digita. El sector tradicional, en cuanto a comunicaci\u00f3n se refiere, va a seguir igual por mucho tiempo.<\/p>\n<p>Nada reemplaza el toque humano.<\/p>\n<p>En <a href=\"https:\/\/www.acebo.io\/es\/\">Acebo<\/a>, lo que buscamos es hacer ver a las empresas, de una manera visual, los beneficios y la capacidad de crecimiento que ofrece el sector digital como soporte a ese toque humano.<\/p>\n<p>&nbsp;<\/p>\n<h4><strong>Tu crecimiento nos hace felices.<\/strong><\/h4>\n<p>[\/et_pb_text][\/et_pb_column][\/et_pb_row][\/et_pb_section][et_pb_section fb_built=\u00bb1&#8243; disabled_on=\u00bboff|off|on\u00bb _builder_version=\u00bb4.16&#8243; _module_preset=\u00bbdefault\u00bb background_color=\u00bb#000000&#8243; custom_margin=\u00bb||0px||false|false\u00bb custom_padding=\u00bb||0px||false|false\u00bb global_colors_info=\u00bb{}\u00bb][et_pb_row _builder_version=\u00bb4.16&#8243; _module_preset=\u00bbdefault\u00bb custom_padding=\u00bb0px|||||\u00bb global_colors_info=\u00bb{}\u00bb][et_pb_column type=\u00bb4_4&#8243; _builder_version=\u00bb4.16&#8243; _module_preset=\u00bbdefault\u00bb global_colors_info=\u00bb{}\u00bb][et_pb_image src=\u00bbhttps:\/\/acebo.io\/wp-content\/uploads\/2021\/12\/DATA-CONTENT-1-e1643118679630.png\u00bb alt=\u00bbThe fuel of digital growth &#038; transformation\u00bb title_text=\u00bbData &#038; content\u00bb align=\u00bbcenter\u00bb _builder_version=\u00bb4.19.0&#8243; _module_preset=\u00bbdefault\u00bb transform_scale=\u00bb85%|85%\u00bb global_colors_info=\u00bb{}\u00bb][\/et_pb_image][et_pb_text _builder_version=\u00bb4.19.1&#8243; _module_preset=\u00bbdefault\u00bb text_text_color=\u00bb#FFFFFF\u00bb header_3_font=\u00bb|700|||||||\u00bb header_3_text_align=\u00bbcenter\u00bb header_3_text_color=\u00bb#FFFFFF\u00bb header_4_text_align=\u00bbcenter\u00bb header_4_text_color=\u00bb#C0212F\u00bb header_4_font_size=\u00bb25px\u00bb text_orientation=\u00bbcenter\u00bb hover_enabled=\u00bb0&#8243; global_colors_info=\u00bb{}\u00bb sticky_enabled=\u00bb0&#8243;]<\/p>\n<h3>Soporte digital = Crecimiento<\/h3>\n<p>Muchos son los logros que han llevado a tu empresa hasta el punto en el que se encuentra ahora, por lo que puedes pensar que no necesitas soporte digita. El sector tradicional, en cuanto a comunicaci\u00f3n se refiere, va a seguir igual por mucho tiempo.<\/p>\n<p>Nada reemplaza el toque humano.<\/p>\n<p>En <a href=\"https:\/\/www.acebo.io\/es\/\">Acebo<\/a>, lo que buscamos es hacer ver a las empresas, de una manera visual, los beneficios y la capacidad de crecimiento que ofrece el sector digital como soporte a ese toque humano.<\/p>\n<p>&nbsp;<\/p>\n<h4><strong>Tu crecimiento nos hace felices.<\/strong><\/h4>\n<p>[\/et_pb_text][\/et_pb_column][\/et_pb_row][\/et_pb_section][et_pb_section fb_built=\u00bb1&#8243; _builder_version=\u00bb4.16&#8243; _module_preset=\u00bbdefault\u00bb global_colors_info=\u00bb{}\u00bb][et_pb_row _builder_version=\u00bb4.16&#8243; _module_preset=\u00bbdefault\u00bb custom_padding=\u00bb||40px|||\u00bb global_colors_info=\u00bb{}\u00bb][et_pb_column type=\u00bb4_4&#8243; _builder_version=\u00bb4.16&#8243; _module_preset=\u00bbdefault\u00bb global_colors_info=\u00bb{}\u00bb][et_pb_text _builder_version=\u00bb4.19.0&#8243; _module_preset=\u00bbdefault\u00bb global_colors_info=\u00bb{}\u00bb]<\/p>\n<h3>La forma sencilla de entenderlo<\/h3>\n<p>[\/et_pb_text][et_pb_text _builder_version=\u00bb4.18.0&#8243; _module_preset=\u00bbdefault\u00bb text_orientation=\u00bbcenter\u00bb global_colors_info=\u00bb{}\u00bb]<\/p>\n<p style=\"text-align: left;\">Seamos claros, todas las empresas quieren llegar a m\u00e1s gente y estar en contacto con m\u00e1s clientes. Ya sabes como hacer esto de manera tradicional. Tambi\u00e9n sabes el esfuerzo e inversi\u00f3n que supone llegar a m\u00e1s gente de la manera que se ha hecho siempre.<\/p>\n<p style=\"text-align: left;\">Pero&#8230; \u00bfY en digital?<\/p>\n<p style=\"text-align: left;\">No estamos hablando de que tu empresa tenga p\u00e1gina web. Nos referimos al alcance de nuevos clientes y a establecer comunicaci\u00f3n con ellos. Es importante comprender el soporte que ofrece el sector digital a las actividades comerciales tradicionales y el valor que aporta a tu empresa.<\/p>\n<p style=\"text-align: left;\">Un buen punto de partida hacia la comprensi\u00f3n est\u00e1 aqu\u00ed, justo ante ti, en esta presentaci\u00f3n.<\/p>\n<p style=\"text-align: left;\">Rellenando el formulario, adem\u00e1s de recibir la presentaci\u00f3n, podr\u00e1s ver en primera persona a qu\u00e9 nos referimos con comunicaci\u00f3n digital. La mejor manera de comprenderlo es experiment\u00e1ndolo.<\/p>\n<p>[\/et_pb_text][\/et_pb_column][\/et_pb_row][et_pb_row column_structure=\u00bb1_2,1_2&#8243; disabled_on=\u00bbon|on|off\u00bb _builder_version=\u00bb4.18.0&#8243; _module_preset=\u00bbdefault\u00bb global_colors_info=\u00bb{}\u00bb][et_pb_column type=\u00bb1_2&#8243; _builder_version=\u00bb4.18.0&#8243; _module_preset=\u00bbdefault\u00bb global_colors_info=\u00bb{}\u00bb][et_pb_image src=\u00bbhttps:\/\/acebo.io\/wp-content\/uploads\/2022\/09\/La-forma-sencilla-de-entenderlo.png\u00bb alt=\u00bbPresentaci\u00f3n de servicios\u00bb title_text=\u00bbLa forma sencilla de entenderlo\u00bb _builder_version=\u00bb4.18.0&#8243; _module_preset=\u00bbdefault\u00bb transform_scale=\u00bb125%|125%\u00bb width=\u00bb80%\u00bb max_width=\u00bb80%\u00bb module_alignment=\u00bbcenter\u00bb global_colors_info=\u00bb{}\u00bb][\/et_pb_image][\/et_pb_column][et_pb_column type=\u00bb1_2&#8243; _builder_version=\u00bb4.18.0&#8243; _module_preset=\u00bbdefault\u00bb global_colors_info=\u00bb{}\u00bb][et_pb_text _builder_version=\u00bb4.18.0&#8243; _module_preset=\u00bbdefault\u00bb max_width=\u00bb600px\u00bb global_colors_info=\u00bb{}\u00bb]<\/p>\n<div class='_form_129'><\/div><script type='text\/javascript' src='https:\/\/acebo.activehosted.com\/f\/embed.php?static=0&id=129&69D9A4713ACD0&nostyles=0&preview=0'><\/script>\n<p>[\/et_pb_text][\/et_pb_column][\/et_pb_row][et_pb_row disabled_on=\u00bboff|off|on\u00bb _builder_version=\u00bb4.18.0&#8243; _module_preset=\u00bbdefault\u00bb global_colors_info=\u00bb{}\u00bb][et_pb_column type=\u00bb4_4&#8243; _builder_version=\u00bb4.16&#8243; _module_preset=\u00bbdefault\u00bb global_colors_info=\u00bb{}\u00bb][et_pb_image src=\u00bbhttps:\/\/acebo.io\/wp-content\/uploads\/2022\/09\/La-forma-sencilla-de-entenderlo.png\u00bb title_text=\u00bbLa forma sencilla de entenderlo\u00bb _builder_version=\u00bb4.18.0&#8243; _module_preset=\u00bbdefault\u00bb global_colors_info=\u00bb{}\u00bb][\/et_pb_image][et_pb_text _builder_version=\u00bb4.18.0&#8243; _module_preset=\u00bbdefault\u00bb global_colors_info=\u00bb{}\u00bb]<\/p>\n<div class='_form_131'><\/div><script type='text\/javascript' src='https:\/\/acebo.activehosted.com\/f\/embed.php?static=0&id=131&69D9A4713AD62&nostyles=0&preview=0'><\/script>\n<p>[\/et_pb_text][\/et_pb_column][\/et_pb_row][\/et_pb_section]<\/p>\n","protected":false},"excerpt":{"rendered":"<p>Soporte Digital para lo que se ha hecho siempre\u00bbA nosotros ya nos conoce todo el mundo\u00bb, \u00abAs\u00ed es como se ha hecho toda la vida\u00bb, \u00abInternet es el futuro (dicho en 2022)\u00bb -Frases c\u00e9lebres empresariales espa\u00f1olasSoporte digital = Crecimiento Muchos son los logros que han llevado a tu empresa hasta el punto en el que se encuentra ahora, por lo que puedes pensar que no necesitas soporte digita. El sector tradicional, en cuanto a comunicaci\u00f3n se refiere, va a seguir igual por mucho tiempo. Nada reemplaza el toque humano. En Acebo, lo que buscamos es hacer ver a las empresas, de una manera visual, los beneficios y la capacidad de crecimiento que ofrece el sector digital como soporte a ese toque humano. &nbsp; Tu crecimiento nos hace felices.Soporte digital = Crecimiento Muchos son los logros que han llevado a tu empresa hasta el punto en el que se encuentra ahora, por lo que puedes pensar que no necesitas soporte digita. El sector tradicional, en cuanto a comunicaci\u00f3n se refiere, va a seguir igual por mucho tiempo. Nada reemplaza el toque humano. En Acebo, lo que buscamos es hacer ver a las empresas, de una manera visual, los beneficios y la [&hellip;]<\/p>\n","protected":false},"author":1,"featured_media":238451,"parent":0,"menu_order":0,"comment_status":"closed","ping_status":"closed","template":"","meta":{"_et_pb_use_builder":"on","_et_pb_old_content":"","_et_gb_content_width":"","footnotes":""},"class_list":["post-245649","page","type-page","status-publish","has-post-thumbnail","hentry"],"yoast_head":"<!-- This site is optimized with the Yoast SEO plugin v27.3 - https:\/\/yoast.com\/product\/yoast-seo-wordpress\/ -->\n<title>Soporte digital - Beneficios de la digitalizaci\u00f3n | Acebo<\/title>\n<meta name=\"description\" content=\"En Acebo, ofrecemos soporte digital y hacemos ver a las empresas, los beneficios y la capacidad de crecimiento que ofrece el sector digital.\" \/>\n<meta name=\"robots\" content=\"index, follow, max-snippet:-1, max-image-preview:large, max-video-preview:-1\" \/>\n<link rel=\"canonical\" href=\"https:\/\/acebo.io\/es\/soporte-digital-beneficios-de-la-digitalizacion\/\" \/>\n<meta property=\"og:locale\" content=\"es_ES\" \/>\n<meta property=\"og:type\" content=\"article\" \/>\n<meta property=\"og:title\" content=\"Soporte digital - Beneficios de la digitalizaci\u00f3n | Acebo\" \/>\n<meta property=\"og:description\" content=\"En Acebo, ofrecemos soporte digital y hacemos ver a las empresas, los beneficios y la capacidad de crecimiento que ofrece el sector digital.\" \/>\n<meta property=\"og:url\" content=\"https:\/\/acebo.io\/es\/soporte-digital-beneficios-de-la-digitalizacion\/\" \/>\n<meta property=\"og:site_name\" content=\"Acebo - A Digital Growth Agency\" \/>\n<meta property=\"article:modified_time\" content=\"2022-11-18T12:44:45+00:00\" \/>\n<meta property=\"og:image\" content=\"https:\/\/acebo.io\/wp-content\/uploads\/2021\/12\/Want_to_learn_about_digital_marketing.jpg\" \/>\n\t<meta property=\"og:image:width\" content=\"1920\" \/>\n\t<meta property=\"og:image:height\" content=\"631\" \/>\n\t<meta property=\"og:image:type\" content=\"image\/jpeg\" \/>\n<meta name=\"twitter:card\" content=\"summary_large_image\" \/>\n<meta name=\"twitter:label1\" content=\"Tiempo de lectura\" \/>\n\t<meta name=\"twitter:data1\" content=\"3 minutos\" \/>\n<script type=\"application\/ld+json\" class=\"yoast-schema-graph\">{\"@context\":\"https:\\\/\\\/schema.org\",\"@graph\":[{\"@type\":\"WebPage\",\"@id\":\"https:\\\/\\\/acebo.io\\\/es\\\/soporte-digital-beneficios-de-la-digitalizacion\\\/\",\"url\":\"https:\\\/\\\/acebo.io\\\/es\\\/soporte-digital-beneficios-de-la-digitalizacion\\\/\",\"name\":\"Soporte digital - Beneficios de la digitalizaci\u00f3n | Acebo\",\"isPartOf\":{\"@id\":\"https:\\\/\\\/acebo.io\\\/es\\\/#website\"},\"primaryImageOfPage\":{\"@id\":\"https:\\\/\\\/acebo.io\\\/es\\\/soporte-digital-beneficios-de-la-digitalizacion\\\/#primaryimage\"},\"image\":{\"@id\":\"https:\\\/\\\/acebo.io\\\/es\\\/soporte-digital-beneficios-de-la-digitalizacion\\\/#primaryimage\"},\"thumbnailUrl\":\"https:\\\/\\\/acebo.io\\\/wp-content\\\/uploads\\\/2021\\\/12\\\/Want_to_learn_about_digital_marketing.jpg\",\"datePublished\":\"2022-08-29T16:26:07+00:00\",\"dateModified\":\"2022-11-18T12:44:45+00:00\",\"description\":\"En Acebo, ofrecemos soporte digital y hacemos ver a las empresas, los beneficios y la capacidad de crecimiento que ofrece el sector digital.\",\"breadcrumb\":{\"@id\":\"https:\\\/\\\/acebo.io\\\/es\\\/soporte-digital-beneficios-de-la-digitalizacion\\\/#breadcrumb\"},\"inLanguage\":\"es\",\"potentialAction\":[{\"@type\":\"ReadAction\",\"target\":[\"https:\\\/\\\/acebo.io\\\/es\\\/soporte-digital-beneficios-de-la-digitalizacion\\\/\"]}]},{\"@type\":\"ImageObject\",\"inLanguage\":\"es\",\"@id\":\"https:\\\/\\\/acebo.io\\\/es\\\/soporte-digital-beneficios-de-la-digitalizacion\\\/#primaryimage\",\"url\":\"https:\\\/\\\/acebo.io\\\/wp-content\\\/uploads\\\/2021\\\/12\\\/Want_to_learn_about_digital_marketing.jpg\",\"contentUrl\":\"https:\\\/\\\/acebo.io\\\/wp-content\\\/uploads\\\/2021\\\/12\\\/Want_to_learn_about_digital_marketing.jpg\",\"width\":1920,\"height\":631,\"caption\":\"Learn more about digital marketing\"},{\"@type\":\"BreadcrumbList\",\"@id\":\"https:\\\/\\\/acebo.io\\\/es\\\/soporte-digital-beneficios-de-la-digitalizacion\\\/#breadcrumb\",\"itemListElement\":[{\"@type\":\"ListItem\",\"position\":1,\"name\":\"Home\",\"item\":\"https:\\\/\\\/acebo.io\\\/es\\\/\"},{\"@type\":\"ListItem\",\"position\":2,\"name\":\"Soporte digital &#8211; Beneficios de la digitalizaci\u00f3n\"}]},{\"@type\":\"WebSite\",\"@id\":\"https:\\\/\\\/acebo.io\\\/es\\\/#website\",\"url\":\"https:\\\/\\\/acebo.io\\\/es\\\/\",\"name\":\"Acebo - A Digital Growth Agency\",\"description\":\"Specialized in Strategic B2B Digital Growth &amp; Automation\",\"publisher\":{\"@id\":\"https:\\\/\\\/acebo.io\\\/es\\\/#organization\"},\"potentialAction\":[{\"@type\":\"SearchAction\",\"target\":{\"@type\":\"EntryPoint\",\"urlTemplate\":\"https:\\\/\\\/acebo.io\\\/es\\\/?s={search_term_string}\"},\"query-input\":{\"@type\":\"PropertyValueSpecification\",\"valueRequired\":true,\"valueName\":\"search_term_string\"}}],\"inLanguage\":\"es\"},{\"@type\":\"Organization\",\"@id\":\"https:\\\/\\\/acebo.io\\\/es\\\/#organization\",\"name\":\"Acebo\",\"url\":\"https:\\\/\\\/acebo.io\\\/es\\\/\",\"logo\":{\"@type\":\"ImageObject\",\"inLanguage\":\"es\",\"@id\":\"https:\\\/\\\/acebo.io\\\/es\\\/#\\\/schema\\\/logo\\\/image\\\/\",\"url\":\"https:\\\/\\\/acebo.io\\\/wp-content\\\/uploads\\\/2021\\\/12\\\/Acebo.png\",\"contentUrl\":\"https:\\\/\\\/acebo.io\\\/wp-content\\\/uploads\\\/2021\\\/12\\\/Acebo.png\",\"width\":521,\"height\":521,\"caption\":\"Acebo\"},\"image\":{\"@id\":\"https:\\\/\\\/acebo.io\\\/es\\\/#\\\/schema\\\/logo\\\/image\\\/\"},\"sameAs\":[\"https:\\\/\\\/www.linkedin.com\\\/company\\\/acebo-digital-marketing\"]}]}<\/script>\n<!-- \/ Yoast SEO plugin. -->","yoast_head_json":{"title":"Soporte digital - Beneficios de la digitalizaci\u00f3n | Acebo","description":"En Acebo, ofrecemos soporte digital y hacemos ver a las empresas, los beneficios y la capacidad de crecimiento que ofrece el sector digital.","robots":{"index":"index","follow":"follow","max-snippet":"max-snippet:-1","max-image-preview":"max-image-preview:large","max-video-preview":"max-video-preview:-1"},"canonical":"https:\/\/acebo.io\/es\/soporte-digital-beneficios-de-la-digitalizacion\/","og_locale":"es_ES","og_type":"article","og_title":"Soporte digital - Beneficios de la digitalizaci\u00f3n | Acebo","og_description":"En Acebo, ofrecemos soporte digital y hacemos ver a las empresas, los beneficios y la capacidad de crecimiento que ofrece el sector digital.","og_url":"https:\/\/acebo.io\/es\/soporte-digital-beneficios-de-la-digitalizacion\/","og_site_name":"Acebo - A Digital Growth Agency","article_modified_time":"2022-11-18T12:44:45+00:00","og_image":[{"width":1920,"height":631,"url":"https:\/\/acebo.io\/wp-content\/uploads\/2021\/12\/Want_to_learn_about_digital_marketing.jpg","type":"image\/jpeg"}],"twitter_card":"summary_large_image","twitter_misc":{"Tiempo de lectura":"3 minutos"},"schema":{"@context":"https:\/\/schema.org","@graph":[{"@type":"WebPage","@id":"https:\/\/acebo.io\/es\/soporte-digital-beneficios-de-la-digitalizacion\/","url":"https:\/\/acebo.io\/es\/soporte-digital-beneficios-de-la-digitalizacion\/","name":"Soporte digital - Beneficios de la digitalizaci\u00f3n | Acebo","isPartOf":{"@id":"https:\/\/acebo.io\/es\/#website"},"primaryImageOfPage":{"@id":"https:\/\/acebo.io\/es\/soporte-digital-beneficios-de-la-digitalizacion\/#primaryimage"},"image":{"@id":"https:\/\/acebo.io\/es\/soporte-digital-beneficios-de-la-digitalizacion\/#primaryimage"},"thumbnailUrl":"https:\/\/acebo.io\/wp-content\/uploads\/2021\/12\/Want_to_learn_about_digital_marketing.jpg","datePublished":"2022-08-29T16:26:07+00:00","dateModified":"2022-11-18T12:44:45+00:00","description":"En Acebo, ofrecemos soporte digital y hacemos ver a las empresas, los beneficios y la capacidad de crecimiento que ofrece el sector digital.","breadcrumb":{"@id":"https:\/\/acebo.io\/es\/soporte-digital-beneficios-de-la-digitalizacion\/#breadcrumb"},"inLanguage":"es","potentialAction":[{"@type":"ReadAction","target":["https:\/\/acebo.io\/es\/soporte-digital-beneficios-de-la-digitalizacion\/"]}]},{"@type":"ImageObject","inLanguage":"es","@id":"https:\/\/acebo.io\/es\/soporte-digital-beneficios-de-la-digitalizacion\/#primaryimage","url":"https:\/\/acebo.io\/wp-content\/uploads\/2021\/12\/Want_to_learn_about_digital_marketing.jpg","contentUrl":"https:\/\/acebo.io\/wp-content\/uploads\/2021\/12\/Want_to_learn_about_digital_marketing.jpg","width":1920,"height":631,"caption":"Learn more about digital marketing"},{"@type":"BreadcrumbList","@id":"https:\/\/acebo.io\/es\/soporte-digital-beneficios-de-la-digitalizacion\/#breadcrumb","itemListElement":[{"@type":"ListItem","position":1,"name":"Home","item":"https:\/\/acebo.io\/es\/"},{"@type":"ListItem","position":2,"name":"Soporte digital &#8211; Beneficios de la digitalizaci\u00f3n"}]},{"@type":"WebSite","@id":"https:\/\/acebo.io\/es\/#website","url":"https:\/\/acebo.io\/es\/","name":"Acebo - A Digital Growth Agency","description":"Specialized in Strategic B2B Digital Growth &amp; Automation","publisher":{"@id":"https:\/\/acebo.io\/es\/#organization"},"potentialAction":[{"@type":"SearchAction","target":{"@type":"EntryPoint","urlTemplate":"https:\/\/acebo.io\/es\/?s={search_term_string}"},"query-input":{"@type":"PropertyValueSpecification","valueRequired":true,"valueName":"search_term_string"}}],"inLanguage":"es"},{"@type":"Organization","@id":"https:\/\/acebo.io\/es\/#organization","name":"Acebo","url":"https:\/\/acebo.io\/es\/","logo":{"@type":"ImageObject","inLanguage":"es","@id":"https:\/\/acebo.io\/es\/#\/schema\/logo\/image\/","url":"https:\/\/acebo.io\/wp-content\/uploads\/2021\/12\/Acebo.png","contentUrl":"https:\/\/acebo.io\/wp-content\/uploads\/2021\/12\/Acebo.png","width":521,"height":521,"caption":"Acebo"},"image":{"@id":"https:\/\/acebo.io\/es\/#\/schema\/logo\/image\/"},"sameAs":["https:\/\/www.linkedin.com\/company\/acebo-digital-marketing"]}]}},"_links":{"self":[{"href":"https:\/\/acebo.io\/es\/wp-json\/wp\/v2\/pages\/245649","targetHints":{"allow":["GET"]}}],"collection":[{"href":"https:\/\/acebo.io\/es\/wp-json\/wp\/v2\/pages"}],"about":[{"href":"https:\/\/acebo.io\/es\/wp-json\/wp\/v2\/types\/page"}],"author":[{"embeddable":true,"href":"https:\/\/acebo.io\/es\/wp-json\/wp\/v2\/users\/1"}],"replies":[{"embeddable":true,"href":"https:\/\/acebo.io\/es\/wp-json\/wp\/v2\/comments?post=245649"}],"version-history":[{"count":41,"href":"https:\/\/acebo.io\/es\/wp-json\/wp\/v2\/pages\/245649\/revisions"}],"predecessor-version":[{"id":246918,"href":"https:\/\/acebo.io\/es\/wp-json\/wp\/v2\/pages\/245649\/revisions\/246918"}],"wp:featuredmedia":[{"embeddable":true,"href":"https:\/\/acebo.io\/es\/wp-json\/wp\/v2\/media\/238451"}],"wp:attachment":[{"href":"https:\/\/acebo.io\/es\/wp-json\/wp\/v2\/media?parent=245649"}],"curies":[{"name":"wp","href":"https:\/\/api.w.org\/{rel}","templated":true}]}}